{"id":3989,"date":"2025-09-30T14:49:48","date_gmt":"2025-09-30T12:49:48","guid":{"rendered":"https:\/\/tmesolutions.dk\/?page_id=3989"},"modified":"2025-12-21T23:10:57","modified_gmt":"2025-12-21T21:10:57","slug":"status-check","status":"publish","type":"page","link":"https:\/\/tmesolutions.dk\/en\/vibrationsmaaling\/tilstandskontrol\/","title":{"rendered":"Condition monitoring"},"content":{"rendered":"<div data-elementor-type=\"wp-page\" data-elementor-id=\"3989\" class=\"elementor elementor-3989\" data-elementor-settings=\"{&quot;element_pack_global_tooltip_width&quot;:{&quot;unit&quot;:&quot;px&quot;,&quot;size&quot;:&quot;&quot;,&quot;sizes&quot;:[]},&quot;element_pack_global_tooltip_width_tablet&quot;:{&quot;unit&quot;:&quot;px&quot;,&quot;size&quot;:&quot;&quot;,&quot;sizes&quot;:[]},&quot;element_pack_global_tooltip_width_mobile&quot;:{&quot;unit&quot;:&quot;px&quot;,&quot;size&quot;:&quot;&quot;,&quot;sizes&quot;:[]},&quot;element_pack_global_tooltip_padding&quot;:{&quot;unit&quot;:&quot;px&quot;,&quot;top&quot;:&quot;&quot;,&quot;right&quot;:&quot;&quot;,&quot;bottom&quot;:&quot;&quot;,&quot;left&quot;:&quot;&quot;,&quot;isLinked&quot;:true},&quot;element_pack_global_tooltip_padding_tablet&quot;:{&quot;unit&quot;:&quot;px&quot;,&quot;top&quot;:&quot;&quot;,&quot;right&quot;:&quot;&quot;,&quot;bottom&quot;:&quot;&quot;,&quot;left&quot;:&quot;&quot;,&quot;isLinked&quot;:true},&quot;element_pack_global_tooltip_padding_mobile&quot;:{&quot;unit&quot;:&quot;px&quot;,&quot;top&quot;:&quot;&quot;,&quot;right&quot;:&quot;&quot;,&quot;bottom&quot;:&quot;&quot;,&quot;left&quot;:&quot;&quot;,&quot;isLinked&quot;:true},&quot;element_pack_global_tooltip_border_radius&quot;:{&quot;unit&quot;:&quot;px&quot;,&quot;top&quot;:&quot;&quot;,&quot;right&quot;:&quot;&quot;,&quot;bottom&quot;:&quot;&quot;,&quot;left&quot;:&quot;&quot;,&quot;isLinked&quot;:true},&quot;element_pack_global_tooltip_border_radius_tablet&quot;:{&quot;unit&quot;:&quot;px&quot;,&quot;top&quot;:&quot;&quot;,&quot;right&quot;:&quot;&quot;,&quot;bottom&quot;:&quot;&quot;,&quot;left&quot;:&quot;&quot;,&quot;isLinked&quot;:true},&quot;element_pack_global_tooltip_border_radius_mobile&quot;:{&quot;unit&quot;:&quot;px&quot;,&quot;top&quot;:&quot;&quot;,&quot;right&quot;:&quot;&quot;,&quot;bottom&quot;:&quot;&quot;,&quot;left&quot;:&quot;&quot;,&quot;isLinked&quot;:true}}\" data-elementor-post-type=\"page\">\n\t\t\t\t<div class=\"elementor-element elementor-element-36882f8 e-flex e-con-boxed e-con e-parent\" data-id=\"36882f8\" data-element_type=\"container\" data-e-type=\"container\" data-settings=\"{&quot;background_background&quot;:&quot;classic&quot;}\">\n\t\t\t\t\t<div class=\"e-con-inner\">\n\t\t<div class=\"elementor-element elementor-element-b9ec5e1 e-con-full e-flex e-con e-child\" data-id=\"b9ec5e1\" data-element_type=\"container\" data-e-type=\"container\">\n\t\t<div class=\"elementor-element elementor-element-b26917e e-con-full e-flex e-con e-child\" data-id=\"b26917e\" data-element_type=\"container\" data-e-type=\"container\">\n\t\t<div class=\"elementor-element elementor-element-468df36 e-con-full e-flex e-con e-child\" data-id=\"468df36\" data-element_type=\"container\" data-e-type=\"container\">\n\t\t\t\t<div class=\"elementor-element elementor-element-45c7ab4 elementor-widget__width-inherit elementor-widget elementor-widget-heading\" data-id=\"45c7ab4\" data-element_type=\"widget\" data-e-type=\"widget\" data-widget_type=\"heading.default\">\n\t\t\t\t<div class=\"elementor-widget-container\">\n\t\t\t\t\t<h1 class=\"elementor-heading-title elementor-size-default\">Condition monitoring<\/h1>\t\t\t\t<\/div>\n\t\t\t\t<\/div>\n\t\t\t\t<div class=\"elementor-element elementor-element-b39c32e elementor-widget elementor-widget-text-editor\" data-id=\"b39c32e\" data-element_type=\"widget\" data-e-type=\"widget\" data-widget_type=\"text-editor.default\">\n\t\t\t\t<div class=\"elementor-widget-container\">\n\t\t\t\t\t\t\t\t\t<p>Avoid the costs of production stoppages and know the condition of your machines with preventive and condition-based maintenance using vibration measurement.<\/p>\t\t\t\t\t\t\t\t<\/div>\n\t\t\t\t<\/div>\n\t\t\t\t<div class=\"elementor-element elementor-element-27e0704 elementor-widget elementor-widget-button\" data-id=\"27e0704\" data-element_type=\"widget\" data-e-type=\"widget\" data-widget_type=\"button.default\">\n\t\t\t\t<div class=\"elementor-widget-container\">\n\t\t\t\t\t\t\t\t\t<div class=\"elementor-button-wrapper\">\n\t\t\t\t\t<a class=\"elementor-button elementor-button-link elementor-size-sm\" href=\"tel:81611116\">\n\t\t\t\t\t\t<span class=\"elementor-button-content-wrapper\">\n\t\t\t\t\t\t\t\t\t<span class=\"elementor-button-text\">Call us<\/span>\n\t\t\t\t\t<\/span>\n\t\t\t\t\t<\/a>\n\t\t\t\t<\/div>\n\t\t\t\t\t\t\t\t<\/div>\n\t\t\t\t<\/div>\n\t\t\t\t<\/div>\n\t\t\t\t<\/div>\n\t\t<div class=\"elementor-element elementor-element-d5f2a37 e-con-full elementor-hidden-tablet elementor-hidden-mobile e-flex e-con e-child\" data-id=\"d5f2a37\" data-element_type=\"container\" data-e-type=\"container\">\n\t\t<div class=\"elementor-element elementor-element-ce1130a e-con-full e-flex e-con e-child\" data-id=\"ce1130a\" data-element_type=\"container\" data-e-type=\"container\">\n\t\t\t\t<div class=\"elementor-element elementor-element-7dbecaa elementor-widget__width-inherit elementor-widget elementor-widget-image\" data-id=\"7dbecaa\" data-element_type=\"widget\" data-e-type=\"widget\" data-widget_type=\"image.default\">\n\t\t\t\t<div class=\"elementor-widget-container\">\n\t\t\t\t\t\t\t\t\t\t\t\t\t\t\t<img alt=\"\" loading=\"lazy\" decoding=\"async\" width=\"169\" height=\"42\" src=\"https:\/\/tmesolutions.dk\/wp-content\/uploads\/2025\/09\/tme-logo.svg\" class=\"attachment-full size-full wp-image-3632\" \/>\t\t\t\t\t\t\t\t\t\t\t\t\t\t\t<\/div>\n\t\t\t\t<\/div>\n\t\t\t\t<\/div>\n\t\t\t\t<\/div>\n\t\t\t\t<\/div>\n\t\t\t\t\t<\/div>\n\t\t\t\t<\/div>\n\t\t<div class=\"elementor-element elementor-element-5eb836d e-flex e-con-boxed e-con e-parent\" data-id=\"5eb836d\" data-element_type=\"container\" data-e-type=\"container\" id=\"lobende\" data-settings=\"{&quot;background_background&quot;:&quot;classic&quot;}\">\n\t\t\t\t\t<div class=\"e-con-inner\">\n\t\t<div class=\"elementor-element elementor-element-01cd2f7 e-con-full e-flex e-con e-child\" data-id=\"01cd2f7\" data-element_type=\"container\" data-e-type=\"container\">\n\t\t\t\t<div class=\"elementor-element elementor-element-67d2e14 elementor-widget elementor-widget-image\" data-id=\"67d2e14\" data-element_type=\"widget\" data-e-type=\"widget\" data-widget_type=\"image.default\">\n\t\t\t\t<div class=\"elementor-widget-container\">\n\t\t\t\t\t\t\t\t\t\t\t\t\t\t\t<img alt=\"\" loading=\"lazy\" decoding=\"async\" width=\"150\" height=\"150\" src=\"https:\/\/tmesolutions.dk\/wp-content\/uploads\/2025\/09\/tme-blaa-logo.svg\" class=\"attachment-thumbnail size-thumbnail wp-image-3633\" srcset=\"https:\/\/tmesolutions.dk\/wp-content\/uploads\/\/2025\/09\/tme-blaa-logo.svg 150w, https:\/\/tmesolutions.dk\/wp-content\/uploads\/\/2025\/09\/tme-blaa-logo.svg 300w, https:\/\/tmesolutions.dk\/wp-content\/uploads\/\/2025\/09\/tme-blaa-logo.svg 1024w\" sizes=\"auto, (max-width: 150px) 100vw, 150px\" \/>\t\t\t\t\t\t\t\t\t\t\t\t\t\t\t<\/div>\n\t\t\t\t<\/div>\n\t\t\t\t<div class=\"elementor-element elementor-element-878a2e7 elementor-widget__width-initial elementor-widget elementor-widget-heading\" data-id=\"878a2e7\" data-element_type=\"widget\" data-e-type=\"widget\" data-widget_type=\"heading.default\">\n\t\t\t\t<div class=\"elementor-widget-container\">\n\t\t\t\t\t<h3 class=\"elementor-heading-title elementor-size-default\">Continuous machine monitoring\n<\/h3>\t\t\t\t<\/div>\n\t\t\t\t<\/div>\n\t\t\t\t<div class=\"elementor-element elementor-element-04293c7 elementor-widget elementor-widget-text-editor\" data-id=\"04293c7\" data-element_type=\"widget\" data-e-type=\"widget\" data-widget_type=\"text-editor.default\">\n\t\t\t\t<div class=\"elementor-widget-container\">\n\t\t\t\t\t\t\t\t\t<p>It is important to keep a constant eye on your machines at regular intervals so that you can avoid production stoppages due to breakdowns, for example.\u00a0<\/p><p>Our online machine monitoring can detect when faults are developing, which we can see from changes in relation to the reference measurement. We can find the cause of the fault immediately and thus rectify it before it develops into something more serious.<\/p><p>The vast majority of faults are caused by wear and tear, but they can also be caused by dirt on bearings, seals, shafts, stuffing boxes or similar. By performing condition analyses at regular intervals, it is possible to predict the expected time of failure for the machine in question.<\/p>\t\t\t\t\t\t\t\t<\/div>\n\t\t\t\t<\/div>\n\t\t\t\t<\/div>\n\t\t<div class=\"elementor-element elementor-element-d3af12a e-con-full e-flex e-con e-child\" data-id=\"d3af12a\" data-element_type=\"container\" data-e-type=\"container\" data-settings=\"{&quot;background_background&quot;:&quot;classic&quot;}\">\n\t\t\t\t<div class=\"elementor-element elementor-element-545d072 elementor-widget elementor-widget-image\" data-id=\"545d072\" data-element_type=\"widget\" data-e-type=\"widget\" data-widget_type=\"image.default\">\n\t\t\t\t<div class=\"elementor-widget-container\">\n\t\t\t\t\t\t\t\t\t\t\t\t\t\t\t<img alt=\"\" loading=\"lazy\" decoding=\"async\" width=\"1000\" height=\"653\" src=\"https:\/\/tmesolutions.dk\/wp-content\/uploads\/2025\/09\/samsoe-018-1024x669-1.jpg\" class=\"attachment-large size-large wp-image-3991\" srcset=\"https:\/\/tmesolutions.dk\/wp-content\/uploads\/2025\/09\/samsoe-018-1024x669-1.jpg 1024w, https:\/\/tmesolutions.dk\/wp-content\/uploads\/2025\/09\/samsoe-018-1024x669-1-300x196.jpg 300w, https:\/\/tmesolutions.dk\/wp-content\/uploads\/2025\/09\/samsoe-018-1024x669-1-768x502.jpg 768w, https:\/\/tmesolutions.dk\/wp-content\/uploads\/2025\/09\/samsoe-018-1024x669-1-650x425.jpg 650w\" sizes=\"auto, (max-width: 1000px) 100vw, 1000px\" \/>\t\t\t\t\t\t\t\t\t\t\t\t\t\t\t<\/div>\n\t\t\t\t<\/div>\n\t\t\t\t<\/div>\n\t\t\t\t\t<\/div>\n\t\t\t\t<\/div>\n\t\t<div class=\"elementor-element elementor-element-6e6d032 e-flex e-con-boxed e-con e-parent\" data-id=\"6e6d032\" data-element_type=\"container\" data-e-type=\"container\" id=\"integrer\" data-settings=\"{&quot;background_background&quot;:&quot;classic&quot;}\">\n\t\t\t\t\t<div class=\"e-con-inner\">\n\t\t<div class=\"elementor-element elementor-element-00560cd e-con-full e-flex e-con e-child\" data-id=\"00560cd\" data-element_type=\"container\" data-e-type=\"container\">\n\t\t\t\t<div class=\"elementor-element elementor-element-0be3acc elementor-widget elementor-widget-image\" data-id=\"0be3acc\" data-element_type=\"widget\" data-e-type=\"widget\" data-widget_type=\"image.default\">\n\t\t\t\t<div class=\"elementor-widget-container\">\n\t\t\t\t\t\t\t\t\t\t\t\t\t\t\t<img alt=\"\" loading=\"lazy\" decoding=\"async\" width=\"150\" height=\"150\" src=\"https:\/\/tmesolutions.dk\/wp-content\/uploads\/2025\/09\/tme-logo.svg\" class=\"attachment-thumbnail size-thumbnail wp-image-3632\" srcset=\"https:\/\/tmesolutions.dk\/wp-content\/uploads\/\/2025\/09\/tme-logo.svg 150w, https:\/\/tmesolutions.dk\/wp-content\/uploads\/\/2025\/09\/tme-logo.svg 300w, https:\/\/tmesolutions.dk\/wp-content\/uploads\/\/2025\/09\/tme-logo.svg 1024w\" sizes=\"auto, (max-width: 150px) 100vw, 150px\" \/>\t\t\t\t\t\t\t\t\t\t\t\t\t\t\t<\/div>\n\t\t\t\t<\/div>\n\t\t\t\t<div class=\"elementor-element elementor-element-6c5d2ac elementor-widget__width-initial elementor-widget elementor-widget-heading\" data-id=\"6c5d2ac\" data-element_type=\"widget\" data-e-type=\"widget\" data-widget_type=\"heading.default\">\n\t\t\t\t<div class=\"elementor-widget-container\">\n\t\t\t\t\t<h3 class=\"elementor-heading-title elementor-size-default\">Make vibration measurement an integral part of your maintenance\n<\/h3>\t\t\t\t<\/div>\n\t\t\t\t<\/div>\n\t\t\t\t<div class=\"elementor-element elementor-element-b8363bb elementor-widget elementor-widget-text-editor\" data-id=\"b8363bb\" data-element_type=\"widget\" data-e-type=\"widget\" data-widget_type=\"text-editor.default\">\n\t\t\t\t<div class=\"elementor-widget-container\">\n\t\t\t\t\t\t\t\t\t<div>\n\n<span style=\"color: #ffffff;\">It is possible to make vibration measurements an integral part of your CBM system and maintenance, so that you can predict when the machine will start to shake. There is no point in measuring the machine's vibrations once it has already started to shake. If this is the case, we can instead take steps to rectify the problems.\u00a0<\/span>\n\n<br><br>\n<span style=\"color: #ffffff;\">We distinguish between performing condition checks and troubleshooting on the machines depending on the condition of the machine.\u00a0<\/span>\n\n<br><br>\n<span style=\"color: #ffffff;\"><b>Condition check:\u00a0<\/b>During condition monitoring, we measure the machines at fixed intervals before the machine starts to vibrate, so that maintenance can be planned. In this way, condition monitoring becomes a form of condition-based maintenance, because the vibration measurements can be planned in advance.\u00a0<\/span>\n\n<br><br>\n<span style=\"color: #ffffff;\"><b>Troubleshooting:<\/b>\u00a0When we perform troubleshooting, the vibrations have become so strong that you can feel the machine shaking more than usual. We try to find out where the problem originates from, and then we take steps to rectify the problem.<\/span>\n\n<\/div>\t\t\t\t\t\t\t\t<\/div>\n\t\t\t\t<\/div>\n\t\t\t\t<\/div>\n\t\t<div class=\"elementor-element elementor-element-0d57a7b e-con-full e-flex e-con e-child\" data-id=\"0d57a7b\" data-element_type=\"container\" data-e-type=\"container\" data-settings=\"{&quot;background_background&quot;:&quot;classic&quot;}\">\n\t\t\t\t<div class=\"elementor-element elementor-element-33fcf15 elementor-widget elementor-widget-image\" data-id=\"33fcf15\" data-element_type=\"widget\" data-e-type=\"widget\" data-widget_type=\"image.default\">\n\t\t\t\t<div class=\"elementor-widget-container\">\n\t\t\t\t\t\t\t\t\t\t\t\t\t\t\t<img alt=\"\" loading=\"lazy\" decoding=\"async\" width=\"1000\" height=\"667\" src=\"https:\/\/tmesolutions.dk\/wp-content\/uploads\/2025\/10\/6P8A9184-1024x683-1.jpg\" class=\"attachment-large size-large wp-image-4294\" srcset=\"https:\/\/tmesolutions.dk\/wp-content\/uploads\/2025\/10\/6P8A9184-1024x683-1.jpg 1024w, https:\/\/tmesolutions.dk\/wp-content\/uploads\/2025\/10\/6P8A9184-1024x683-1-300x200.jpg 300w, https:\/\/tmesolutions.dk\/wp-content\/uploads\/2025\/10\/6P8A9184-1024x683-1-768x512.jpg 768w, https:\/\/tmesolutions.dk\/wp-content\/uploads\/2025\/10\/6P8A9184-1024x683-1-650x434.jpg 650w\" sizes=\"auto, (max-width: 1000px) 100vw, 1000px\" \/>\t\t\t\t\t\t\t\t\t\t\t\t\t\t\t<\/div>\n\t\t\t\t<\/div>\n\t\t\t\t<\/div>\n\t\t\t\t\t<\/div>\n\t\t\t\t<\/div>\n\t\t<div class=\"elementor-element elementor-element-d68e175 e-flex e-con-boxed e-con e-parent\" data-id=\"d68e175\" data-element_type=\"container\" data-e-type=\"container\" id=\"tilstandskontrol\" data-settings=\"{&quot;background_background&quot;:&quot;classic&quot;}\">\n\t\t\t\t\t<div class=\"e-con-inner\">\n\t\t<div class=\"elementor-element elementor-element-2e38a0d e-con-full e-flex e-con e-child\" data-id=\"2e38a0d\" data-element_type=\"container\" data-e-type=\"container\">\n\t\t\t\t<div class=\"elementor-element elementor-element-fea4ac0 elementor-widget elementor-widget-image\" data-id=\"fea4ac0\" data-element_type=\"widget\" data-e-type=\"widget\" data-widget_type=\"image.default\">\n\t\t\t\t<div class=\"elementor-widget-container\">\n\t\t\t\t\t\t\t\t\t\t\t\t\t\t\t<img alt=\"\" loading=\"lazy\" decoding=\"async\" width=\"150\" height=\"150\" src=\"https:\/\/tmesolutions.dk\/wp-content\/uploads\/2025\/09\/tme-blaa-logo.svg\" class=\"attachment-thumbnail size-thumbnail wp-image-3633\" srcset=\"https:\/\/tmesolutions.dk\/wp-content\/uploads\/\/2025\/09\/tme-blaa-logo.svg 150w, https:\/\/tmesolutions.dk\/wp-content\/uploads\/\/2025\/09\/tme-blaa-logo.svg 300w, https:\/\/tmesolutions.dk\/wp-content\/uploads\/\/2025\/09\/tme-blaa-logo.svg 1024w\" sizes=\"auto, (max-width: 150px) 100vw, 150px\" \/>\t\t\t\t\t\t\t\t\t\t\t\t\t\t\t<\/div>\n\t\t\t\t<\/div>\n\t\t\t\t<div class=\"elementor-element elementor-element-5868171 elementor-widget__width-initial elementor-widget elementor-widget-heading\" data-id=\"5868171\" data-element_type=\"widget\" data-e-type=\"widget\" data-widget_type=\"heading.default\">\n\t\t\t\t<div class=\"elementor-widget-container\">\n\t\t\t\t\t<h3 class=\"elementor-heading-title elementor-size-default\">Get started with condition monitoring and CBM\n<\/h3>\t\t\t\t<\/div>\n\t\t\t\t<\/div>\n\t\t\t\t<div class=\"elementor-element elementor-element-675d258 elementor-widget elementor-widget-text-editor\" data-id=\"675d258\" data-element_type=\"widget\" data-e-type=\"widget\" data-widget_type=\"text-editor.default\">\n\t\t\t\t<div class=\"elementor-widget-container\">\n\t\t\t\t\t\t\t\t\t<p>Before we can begin measuring the vibrations of your machines in connection with condition monitoring, there are a few things that need to be clarified.\u00a0\u00a0<\/p><p>Some of the things we look at before we can establish an agreement on ongoing condition monitoring include:<\/p>\t\t\t\t\t\t\t\t<\/div>\n\t\t\t\t<\/div>\n\t\t\t\t<div class=\"elementor-element elementor-element-537447a elementor-icon-list--layout-traditional elementor-list-item-link-full_width elementor-widget elementor-widget-icon-list\" data-id=\"537447a\" data-element_type=\"widget\" data-e-type=\"widget\" data-widget_type=\"icon-list.default\">\n\t\t\t\t<div class=\"elementor-widget-container\">\n\t\t\t\t\t\t\t<ul class=\"elementor-icon-list-items\">\n\t\t\t\t\t\t\t<li class=\"elementor-icon-list-item\">\n\t\t\t\t\t\t\t\t\t\t\t<span class=\"elementor-icon-list-icon\">\n\t\t\t\t\t\t\t<i aria-hidden=\"true\" class=\"ii ii-check\"><\/i>\t\t\t\t\t\t<\/span>\n\t\t\t\t\t\t\t\t\t\t<span class=\"elementor-icon-list-text\">We must select which critical machines to measure, and we do this based on a risk analysis, a criticality analysis and FMECA.<\/span>\n\t\t\t\t\t\t\t\t\t<\/li>\n\t\t\t\t\t\t\t\t<li class=\"elementor-icon-list-item\">\n\t\t\t\t\t\t\t\t\t\t\t<span class=\"elementor-icon-list-icon\">\n\t\t\t\t\t\t\t<i aria-hidden=\"true\" class=\"ii ii-check\"><\/i>\t\t\t\t\t\t<\/span>\n\t\t\t\t\t\t\t\t\t\t<span class=\"elementor-icon-list-text\">How often should we take measurements of the machine?<\/span>\n\t\t\t\t\t\t\t\t\t<\/li>\n\t\t\t\t\t\t\t\t<li class=\"elementor-icon-list-item\">\n\t\t\t\t\t\t\t\t\t\t\t<span class=\"elementor-icon-list-icon\">\n\t\t\t\t\t\t\t<i aria-hidden=\"true\" class=\"ii ii-check\"><\/i>\t\t\t\t\t\t<\/span>\n\t\t\t\t\t\t\t\t\t\t<span class=\"elementor-icon-list-text\">Description of procedure<\/span>\n\t\t\t\t\t\t\t\t\t<\/li>\n\t\t\t\t\t\t\t\t<li class=\"elementor-icon-list-item\">\n\t\t\t\t\t\t\t\t\t\t\t<span class=\"elementor-icon-list-icon\">\n\t\t\t\t\t\t\t<i aria-hidden=\"true\" class=\"ii ii-check\"><\/i>\t\t\t\t\t\t<\/span>\n\t\t\t\t\t\t\t\t\t\t<span class=\"elementor-icon-list-text\">Collect nameplate data and operating data<\/span>\n\t\t\t\t\t\t\t\t\t<\/li>\n\t\t\t\t\t\t\t\t<li class=\"elementor-icon-list-item\">\n\t\t\t\t\t\t\t\t\t\t\t<span class=\"elementor-icon-list-icon\">\n\t\t\t\t\t\t\t<i aria-hidden=\"true\" class=\"ii ii-check\"><\/i>\t\t\t\t\t\t<\/span>\n\t\t\t\t\t\t\t\t\t\t<span class=\"elementor-icon-list-text\">Determination of measurement intervals<\/span>\n\t\t\t\t\t\t\t\t\t<\/li>\n\t\t\t\t\t\t<\/ul>\n\t\t\t\t\t\t<\/div>\n\t\t\t\t<\/div>\n\t\t\t\t<div class=\"elementor-element elementor-element-b0c745b elementor-widget elementor-widget-text-editor\" data-id=\"b0c745b\" data-element_type=\"widget\" data-e-type=\"widget\" data-widget_type=\"text-editor.default\">\n\t\t\t\t<div class=\"elementor-widget-container\">\n\t\t\t\t\t\t\t\t\t<div><p>We can help you through this process once we have reviewed the construction process together.<\/p><\/div>\t\t\t\t\t\t\t\t<\/div>\n\t\t\t\t<\/div>\n\t\t\t\t<\/div>\n\t\t<div class=\"elementor-element elementor-element-e29f27e e-con-full e-flex e-con e-child\" data-id=\"e29f27e\" data-element_type=\"container\" data-e-type=\"container\" data-settings=\"{&quot;background_background&quot;:&quot;classic&quot;}\">\n\t\t\t\t<div class=\"elementor-element elementor-element-13eaf29 elementor-widget elementor-widget-image\" data-id=\"13eaf29\" data-element_type=\"widget\" data-e-type=\"widget\" data-widget_type=\"image.default\">\n\t\t\t\t<div class=\"elementor-widget-container\">\n\t\t\t\t\t\t\t\t\t\t\t\t\t\t\t<img alt=\"\" loading=\"lazy\" decoding=\"async\" width=\"1000\" height=\"649\" src=\"https:\/\/tmesolutions.dk\/wp-content\/uploads\/2025\/09\/samsoe-011-1024x665-1.jpg\" class=\"attachment-large size-large wp-image-3983\" srcset=\"https:\/\/tmesolutions.dk\/wp-content\/uploads\/2025\/09\/samsoe-011-1024x665-1.jpg 1024w, https:\/\/tmesolutions.dk\/wp-content\/uploads\/2025\/09\/samsoe-011-1024x665-1-300x195.jpg 300w, https:\/\/tmesolutions.dk\/wp-content\/uploads\/2025\/09\/samsoe-011-1024x665-1-768x499.jpg 768w, https:\/\/tmesolutions.dk\/wp-content\/uploads\/2025\/09\/samsoe-011-1024x665-1-650x422.jpg 650w\" sizes=\"auto, (max-width: 1000px) 100vw, 1000px\" \/>\t\t\t\t\t\t\t\t\t\t\t\t\t\t\t<\/div>\n\t\t\t\t<\/div>\n\t\t\t\t<\/div>\n\t\t\t\t\t<\/div>\n\t\t\t\t<\/div>\n\t\t<div class=\"elementor-element elementor-element-60fe2eb e-flex e-con-boxed e-con e-parent\" data-id=\"60fe2eb\" data-element_type=\"container\" data-e-type=\"container\" id=\"vibration\" data-settings=\"{&quot;background_background&quot;:&quot;classic&quot;}\">\n\t\t\t\t\t<div class=\"e-con-inner\">\n\t\t<div class=\"elementor-element elementor-element-5284015 e-con-full e-flex e-con e-child\" data-id=\"5284015\" data-element_type=\"container\" data-e-type=\"container\">\n\t\t\t\t<div class=\"elementor-element elementor-element-08639c7 elementor-widget elementor-widget-image\" data-id=\"08639c7\" data-element_type=\"widget\" data-e-type=\"widget\" data-widget_type=\"image.default\">\n\t\t\t\t<div class=\"elementor-widget-container\">\n\t\t\t\t\t\t\t\t\t\t\t\t\t\t\t<img alt=\"\" loading=\"lazy\" decoding=\"async\" width=\"150\" height=\"150\" src=\"https:\/\/tmesolutions.dk\/wp-content\/uploads\/2025\/09\/tme-logo.svg\" class=\"attachment-thumbnail size-thumbnail wp-image-3632\" srcset=\"https:\/\/tmesolutions.dk\/wp-content\/uploads\/\/2025\/09\/tme-logo.svg 150w, https:\/\/tmesolutions.dk\/wp-content\/uploads\/\/2025\/09\/tme-logo.svg 300w, https:\/\/tmesolutions.dk\/wp-content\/uploads\/\/2025\/09\/tme-logo.svg 1024w\" sizes=\"auto, (max-width: 150px) 100vw, 150px\" \/>\t\t\t\t\t\t\t\t\t\t\t\t\t\t\t<\/div>\n\t\t\t\t<\/div>\n\t\t\t\t<div class=\"elementor-element elementor-element-a5e08bf elementor-widget__width-initial elementor-widget elementor-widget-heading\" data-id=\"a5e08bf\" data-element_type=\"widget\" data-e-type=\"widget\" data-widget_type=\"heading.default\">\n\t\t\t\t<div class=\"elementor-widget-container\">\n\t\t\t\t\t<h3 class=\"elementor-heading-title elementor-size-default\">Temporary vibration monitoring\n<\/h3>\t\t\t\t<\/div>\n\t\t\t\t<\/div>\n\t\t\t\t<div class=\"elementor-element elementor-element-85124e5 elementor-widget elementor-widget-text-editor\" data-id=\"85124e5\" data-element_type=\"widget\" data-e-type=\"widget\" data-widget_type=\"text-editor.default\">\n\t\t\t\t<div class=\"elementor-widget-container\">\n\t\t\t\t\t\t\t\t\t<div><p>It is also possible to install a temporary Online Condition Monitoring system if you suspect a fault in one or more of your machines.\u00a0<\/p><p>It may be advantageous to install the system if you want to keep extra components in the machine for troubleshooting purposes. It may also be useful for taking vibration measurements in different operating situations over a longer period of time to see where the machine operates most optimally.\u00a0<\/p><p>We have an online system in a flight case permanently installed in our vehicle, so we are prepared to install the system at our customers' premises for a period of time if necessary.<\/p><\/div><div><div class=\"gallery-swiper swiper-container swiper-container-horizontal\" data-timeout=\"7500\"><div class=\"swiper-wrapper\">\u00a0<\/div><\/div><\/div>\t\t\t\t\t\t\t\t<\/div>\n\t\t\t\t<\/div>\n\t\t\t\t<\/div>\n\t\t<div class=\"elementor-element elementor-element-fd57bcb e-con-full e-flex e-con e-child\" data-id=\"fd57bcb\" data-element_type=\"container\" data-e-type=\"container\" data-settings=\"{&quot;background_background&quot;:&quot;classic&quot;}\">\n\t\t\t\t<div class=\"elementor-element elementor-element-23ca8fb elementor-widget elementor-widget-image\" data-id=\"23ca8fb\" data-element_type=\"widget\" data-e-type=\"widget\" data-widget_type=\"image.default\">\n\t\t\t\t<div class=\"elementor-widget-container\">\n\t\t\t\t\t\t\t\t\t\t\t\t\t\t\t<img alt=\"\" loading=\"lazy\" decoding=\"async\" width=\"1000\" height=\"750\" src=\"https:\/\/tmesolutions.dk\/wp-content\/uploads\/2025\/09\/Billede-07.05.2020-14.54.30-1024x768-1.jpg\" class=\"attachment-large size-large wp-image-3993\" srcset=\"https:\/\/tmesolutions.dk\/wp-content\/uploads\/2025\/09\/Billede-07.05.2020-14.54.30-1024x768-1.jpg 1024w, https:\/\/tmesolutions.dk\/wp-content\/uploads\/2025\/09\/Billede-07.05.2020-14.54.30-1024x768-1-300x225.jpg 300w, https:\/\/tmesolutions.dk\/wp-content\/uploads\/2025\/09\/Billede-07.05.2020-14.54.30-1024x768-1-768x576.jpg 768w, https:\/\/tmesolutions.dk\/wp-content\/uploads\/2025\/09\/Billede-07.05.2020-14.54.30-1024x768-1-650x488.jpg 650w\" sizes=\"auto, (max-width: 1000px) 100vw, 1000px\" \/>\t\t\t\t\t\t\t\t\t\t\t\t\t\t\t<\/div>\n\t\t\t\t<\/div>\n\t\t\t\t<\/div>\n\t\t\t\t\t<\/div>\n\t\t\t\t<\/div>\n\t\t\t\t<\/div>","protected":false},"excerpt":{"rendered":"<p>Tilstandskontrol Undg\u00e5 omkostninger ved produktions-stop og kend tilstanden p\u00e5 jeres maskiner med forebyggende og tilstandsbaseret vedligehold vha. vibrationsm\u00e5ling. Ring til os L\u00f8bende [&hellip;]<\/p>\n","protected":false},"author":1,"featured_media":0,"parent":3977,"menu_order":0,"comment_status":"closed","ping_status":"closed","template":"","meta":{"_seopress_robots_primary_cat":"","_seopress_titles_title":"","_seopress_titles_desc":"","_seopress_robots_index":"","footnotes":""},"class_list":["post-3989","page","type-page","status-publish","hentry"],"_links":{"self":[{"href":"https:\/\/tmesolutions.dk\/en\/wp-json\/wp\/v2\/pages\/3989","targetHints":{"allow":["GET"]}}],"collection":[{"href":"https:\/\/tmesolutions.dk\/en\/wp-json\/wp\/v2\/pages"}],"about":[{"href":"https:\/\/tmesolutions.dk\/en\/wp-json\/wp\/v2\/types\/page"}],"author":[{"embeddable":true,"href":"https:\/\/tmesolutions.dk\/en\/wp-json\/wp\/v2\/users\/1"}],"replies":[{"embeddable":true,"href":"https:\/\/tmesolutions.dk\/en\/wp-json\/wp\/v2\/comments?post=3989"}],"version-history":[{"count":37,"href":"https:\/\/tmesolutions.dk\/en\/wp-json\/wp\/v2\/pages\/3989\/revisions"}],"predecessor-version":[{"id":8158,"href":"https:\/\/tmesolutions.dk\/en\/wp-json\/wp\/v2\/pages\/3989\/revisions\/8158"}],"up":[{"embeddable":true,"href":"https:\/\/tmesolutions.dk\/en\/wp-json\/wp\/v2\/pages\/3977"}],"wp:attachment":[{"href":"https:\/\/tmesolutions.dk\/en\/wp-json\/wp\/v2\/media?parent=3989"}],"curies":[{"name":"wp","href":"https:\/\/api.w.org\/{rel}","templated":true}]}}