{"id":4078,"date":"2025-10-01T08:00:23","date_gmt":"2025-10-01T06:00:23","guid":{"rendered":"https:\/\/tmesolutions.dk\/?page_id=4078"},"modified":"2025-12-08T14:10:30","modified_gmt":"2025-12-08T12:10:30","slug":"torsion-measurement-and-shaft-power","status":"publish","type":"page","link":"https:\/\/tmesolutions.dk\/en\/torsionsmaaling-og-akseleffekt\/","title":{"rendered":"Torsion measurement and shaft power"},"content":{"rendered":"\t\t<div data-elementor-type=\"wp-page\" data-elementor-id=\"4078\" class=\"elementor elementor-4078\" data-elementor-settings=\"{&quot;element_pack_global_tooltip_width&quot;:{&quot;unit&quot;:&quot;px&quot;,&quot;size&quot;:&quot;&quot;,&quot;sizes&quot;:[]},&quot;element_pack_global_tooltip_width_tablet&quot;:{&quot;unit&quot;:&quot;px&quot;,&quot;size&quot;:&quot;&quot;,&quot;sizes&quot;:[]},&quot;element_pack_global_tooltip_width_mobile&quot;:{&quot;unit&quot;:&quot;px&quot;,&quot;size&quot;:&quot;&quot;,&quot;sizes&quot;:[]},&quot;element_pack_global_tooltip_padding&quot;:{&quot;unit&quot;:&quot;px&quot;,&quot;top&quot;:&quot;&quot;,&quot;right&quot;:&quot;&quot;,&quot;bottom&quot;:&quot;&quot;,&quot;left&quot;:&quot;&quot;,&quot;isLinked&quot;:true},&quot;element_pack_global_tooltip_padding_tablet&quot;:{&quot;unit&quot;:&quot;px&quot;,&quot;top&quot;:&quot;&quot;,&quot;right&quot;:&quot;&quot;,&quot;bottom&quot;:&quot;&quot;,&quot;left&quot;:&quot;&quot;,&quot;isLinked&quot;:true},&quot;element_pack_global_tooltip_padding_mobile&quot;:{&quot;unit&quot;:&quot;px&quot;,&quot;top&quot;:&quot;&quot;,&quot;right&quot;:&quot;&quot;,&quot;bottom&quot;:&quot;&quot;,&quot;left&quot;:&quot;&quot;,&quot;isLinked&quot;:true},&quot;element_pack_global_tooltip_border_radius&quot;:{&quot;unit&quot;:&quot;px&quot;,&quot;top&quot;:&quot;&quot;,&quot;right&quot;:&quot;&quot;,&quot;bottom&quot;:&quot;&quot;,&quot;left&quot;:&quot;&quot;,&quot;isLinked&quot;:true},&quot;element_pack_global_tooltip_border_radius_tablet&quot;:{&quot;unit&quot;:&quot;px&quot;,&quot;top&quot;:&quot;&quot;,&quot;right&quot;:&quot;&quot;,&quot;bottom&quot;:&quot;&quot;,&quot;left&quot;:&quot;&quot;,&quot;isLinked&quot;:true},&quot;element_pack_global_tooltip_border_radius_mobile&quot;:{&quot;unit&quot;:&quot;px&quot;,&quot;top&quot;:&quot;&quot;,&quot;right&quot;:&quot;&quot;,&quot;bottom&quot;:&quot;&quot;,&quot;left&quot;:&quot;&quot;,&quot;isLinked&quot;:true}}\" data-elementor-post-type=\"page\">\n\t\t\t\t<div class=\"elementor-element elementor-element-36882f8 e-flex e-con-boxed e-con e-parent\" data-id=\"36882f8\" data-element_type=\"container\" data-e-type=\"container\" data-settings=\"{&quot;background_background&quot;:&quot;classic&quot;}\">\n\t\t\t\t\t<div class=\"e-con-inner\">\n\t\t<div class=\"elementor-element elementor-element-b9ec5e1 e-con-full e-flex e-con e-child\" data-id=\"b9ec5e1\" data-element_type=\"container\" data-e-type=\"container\">\n\t\t<div class=\"elementor-element elementor-element-b26917e e-con-full e-flex e-con e-child\" data-id=\"b26917e\" data-element_type=\"container\" data-e-type=\"container\">\n\t\t<div class=\"elementor-element elementor-element-468df36 e-con-full e-flex e-con e-child\" data-id=\"468df36\" data-element_type=\"container\" data-e-type=\"container\">\n\t\t\t\t<div class=\"elementor-element elementor-element-45c7ab4 elementor-widget__width-inherit elementor-widget elementor-widget-heading\" data-id=\"45c7ab4\" data-element_type=\"widget\" data-e-type=\"widget\" data-widget_type=\"heading.default\">\n\t\t\t\t<div class=\"elementor-widget-container\">\n\t\t\t\t\t<h1 class=\"elementor-heading-title elementor-size-default\">Torsionsm\u00e5ling Og Akseleffekt<\/h1>\t\t\t\t<\/div>\n\t\t\t\t<\/div>\n\t\t\t\t<div class=\"elementor-element elementor-element-b39c32e elementor-widget elementor-widget-text-editor\" data-id=\"b39c32e\" data-element_type=\"widget\" data-e-type=\"widget\" data-widget_type=\"text-editor.default\">\n\t\t\t\t<div class=\"elementor-widget-container\">\n\t\t\t\t\t\t\t\t\t<section class=\"topBanner\"><div class=\"container\"><div class=\"content\"><p>Ved torsionsm\u00e5ling m\u00e5les hvor meget en aksel vrider sig, alts\u00e5 drejningsmomentet. N\u00e5r man kender drejningsmomentet, er muligt at udregne den pr\u00e6cise effekt, n\u00e5r man kender akslens dimensioner og omdrejningstal.<\/p><p>Ud over at verificere akseleffekt kan teknologien ogs\u00e5 bruges til at m\u00e5le torsionsvibrationer og endda bruges til br\u00e6ndstofoptimering!<\/p><\/div><\/div><\/section><section class=\"pageContent\"><div class=\"container\"><div class=\"contentBlock\"><div>\u00a0<\/div><\/div><\/div><\/section>\t\t\t\t\t\t\t\t<\/div>\n\t\t\t\t<\/div>\n\t\t\t\t<div class=\"elementor-element elementor-element-2217e68 elementor-widget elementor-widget-button\" data-id=\"2217e68\" data-element_type=\"widget\" data-e-type=\"widget\" data-widget_type=\"button.default\">\n\t\t\t\t<div class=\"elementor-widget-container\">\n\t\t\t\t\t\t\t\t\t<div class=\"elementor-button-wrapper\">\n\t\t\t\t\t<a class=\"elementor-button elementor-button-link elementor-size-sm\" href=\"tel:81611116\">\n\t\t\t\t\t\t<span class=\"elementor-button-content-wrapper\">\n\t\t\t\t\t\t\t\t\t<span class=\"elementor-button-text\">Ring til os<\/span>\n\t\t\t\t\t<\/span>\n\t\t\t\t\t<\/a>\n\t\t\t\t<\/div>\n\t\t\t\t\t\t\t\t<\/div>\n\t\t\t\t<\/div>\n\t\t\t\t<\/div>\n\t\t\t\t<\/div>\n\t\t<div class=\"elementor-element elementor-element-d5f2a37 e-con-full elementor-hidden-tablet elementor-hidden-mobile e-flex e-con e-child\" data-id=\"d5f2a37\" data-element_type=\"container\" data-e-type=\"container\">\n\t\t<div class=\"elementor-element elementor-element-ce1130a e-con-full e-flex e-con e-child\" data-id=\"ce1130a\" data-element_type=\"container\" data-e-type=\"container\">\n\t\t\t\t<div class=\"elementor-element elementor-element-7dbecaa elementor-widget__width-inherit elementor-widget elementor-widget-image\" data-id=\"7dbecaa\" data-element_type=\"widget\" data-e-type=\"widget\" data-widget_type=\"image.default\">\n\t\t\t\t<div class=\"elementor-widget-container\">\n\t\t\t\t\t\t\t\t\t\t\t\t\t\t\t<img alt=\"\" loading=\"lazy\" decoding=\"async\" width=\"169\" height=\"42\" src=\"https:\/\/tmesolutions.dk\/wp-content\/uploads\/2025\/09\/tme-logo.svg\" class=\"attachment-full size-full wp-image-3632\" alt=\"\" \/>\t\t\t\t\t\t\t\t\t\t\t\t\t\t\t<\/div>\n\t\t\t\t<\/div>\n\t\t\t\t<\/div>\n\t\t\t\t<\/div>\n\t\t\t\t<\/div>\n\t\t\t\t\t<\/div>\n\t\t\t\t<\/div>\n\t\t<div class=\"elementor-element elementor-element-5eb836d e-flex e-con-boxed e-con e-parent\" data-id=\"5eb836d\" data-element_type=\"container\" data-e-type=\"container\" id=\"seatrials\" data-settings=\"{&quot;background_background&quot;:&quot;classic&quot;}\">\n\t\t\t\t\t<div class=\"e-con-inner\">\n\t\t<div class=\"elementor-element elementor-element-01cd2f7 e-con-full e-flex e-con e-child\" data-id=\"01cd2f7\" data-element_type=\"container\" data-e-type=\"container\">\n\t\t\t\t<div class=\"elementor-element elementor-element-67d2e14 elementor-widget elementor-widget-image\" data-id=\"67d2e14\" data-element_type=\"widget\" data-e-type=\"widget\" data-widget_type=\"image.default\">\n\t\t\t\t<div class=\"elementor-widget-container\">\n\t\t\t\t\t\t\t\t\t\t\t\t\t\t\t<img alt=\"\" loading=\"lazy\" decoding=\"async\" width=\"150\" height=\"150\" src=\"https:\/\/tmesolutions.dk\/wp-content\/uploads\/2025\/09\/tme-blaa-logo.svg\" class=\"attachment-thumbnail size-thumbnail wp-image-3633\" alt=\"\" srcset=\"https:\/\/tmesolutions.dk\/wp-content\/uploads\/\/2025\/09\/tme-blaa-logo.svg 150w, https:\/\/tmesolutions.dk\/wp-content\/uploads\/\/2025\/09\/tme-blaa-logo.svg 300w, https:\/\/tmesolutions.dk\/wp-content\/uploads\/\/2025\/09\/tme-blaa-logo.svg 1024w\" sizes=\"auto, (max-width: 150px) 100vw, 150px\" \/>\t\t\t\t\t\t\t\t\t\t\t\t\t\t\t<\/div>\n\t\t\t\t<\/div>\n\t\t\t\t<div class=\"elementor-element elementor-element-878a2e7 elementor-widget__width-initial elementor-widget elementor-widget-heading\" data-id=\"878a2e7\" data-element_type=\"widget\" data-e-type=\"widget\" data-widget_type=\"heading.default\">\n\t\t\t\t<div class=\"elementor-widget-container\">\n\t\t\t\t\t<h3 class=\"elementor-heading-title elementor-size-default\">Sea Trials<\/h3>\t\t\t\t<\/div>\n\t\t\t\t<\/div>\n\t\t\t\t<div class=\"elementor-element elementor-element-04293c7 elementor-widget elementor-widget-text-editor\" data-id=\"04293c7\" data-element_type=\"widget\" data-e-type=\"widget\" data-widget_type=\"text-editor.default\">\n\t\t\t\t<div class=\"elementor-widget-container\">\n\t\t\t\t\t\t\t\t\t<div><p>I forbindelse med nybygning af skibe, skal der m\u00e5les hvor meget effekt skrueakslen har. Dette g\u00f8res inden man overtager skibet p\u00e5 en seatrial, s\u00e5 man er sikker p\u00e5 at skibet kan yde det, det skal.<\/p><p>Det kan ogs\u00e5 v\u00e6re i forbindelse med v\u00e6rftophold, herunder evt. renovering af motor eller gear. I dette tilf\u00e6lde er det en god ide, at f\u00e5 verificeret at motoren stadig har samme effekt. En form for acceptance test inden man igen overtager skibet fra v\u00e6rftet.<\/p><p>Uanset om det er en stor hovedmotor med 100.000 hk eller en mindre generator eller m\u00e5ske et PTO aksel udtag, s\u00e5 er vores teknikere klar til at assistere jer med h\u00f8jkvalitetsm\u00e5linger indenfor m\u00e5ling af akseleffekt.<\/p><\/div><div><div class=\"gallery-swiper swiper-container swiper-container-horizontal\" data-timeout=\"7500\"><div class=\"swiper-wrapper\">\u00a0<\/div><\/div><\/div>\t\t\t\t\t\t\t\t<\/div>\n\t\t\t\t<\/div>\n\t\t\t\t<\/div>\n\t\t<div class=\"elementor-element elementor-element-d3af12a e-con-full e-flex e-con e-child\" data-id=\"d3af12a\" data-element_type=\"container\" data-e-type=\"container\" data-settings=\"{&quot;background_background&quot;:&quot;classic&quot;}\">\n\t\t\t\t<div class=\"elementor-element elementor-element-c30e2fa elementor-pagination-type-bullets elementor-arrows-position-inside elementor-pagination-position-outside elementor-widget elementor-widget-n-carousel\" data-id=\"c30e2fa\" data-element_type=\"widget\" data-e-type=\"widget\" data-settings=\"{&quot;carousel_items&quot;:[{&quot;slide_title&quot;:&quot;Slide #1&quot;,&quot;_id&quot;:&quot;badc8ea&quot;},{&quot;slide_title&quot;:&quot;Slide #2&quot;,&quot;_id&quot;:&quot;24b87f9&quot;},{&quot;slide_title&quot;:&quot;Slide #3&quot;,&quot;_id&quot;:&quot;308d155&quot;}],&quot;slides_to_show&quot;:&quot;1&quot;,&quot;slides_to_show_tablet&quot;:&quot;2&quot;,&quot;slides_to_show_mobile&quot;:&quot;1&quot;,&quot;autoplay&quot;:&quot;yes&quot;,&quot;autoplay_speed&quot;:5000,&quot;pause_on_hover&quot;:&quot;yes&quot;,&quot;pause_on_interaction&quot;:&quot;yes&quot;,&quot;infinite&quot;:&quot;yes&quot;,&quot;speed&quot;:500,&quot;offset_sides&quot;:&quot;none&quot;,&quot;arrows&quot;:&quot;yes&quot;,&quot;pagination&quot;:&quot;bullets&quot;,&quot;image_spacing_custom&quot;:{&quot;unit&quot;:&quot;px&quot;,&quot;size&quot;:10,&quot;sizes&quot;:[]},&quot;image_spacing_custom_tablet&quot;:{&quot;unit&quot;:&quot;px&quot;,&quot;size&quot;:&quot;&quot;,&quot;sizes&quot;:[]},&quot;image_spacing_custom_mobile&quot;:{&quot;unit&quot;:&quot;px&quot;,&quot;size&quot;:&quot;&quot;,&quot;sizes&quot;:[]}}\" data-widget_type=\"nested-carousel.default\">\n\t\t\t\t<div class=\"elementor-widget-container\">\n\t\t\t\t\t\t\t<div class=\"e-n-carousel swiper\" role=\"region\" aria-roledescription=\"carousel\" aria-label=\"Karrussel\" dir=\"ltr\">\n\t\t\t<div class=\"swiper-wrapper\" aria-live=\"off\">\n\t\t\t\t\t\t\t\t\t\t<div class=\"swiper-slide\" data-slide=\"1\" role=\"group\" aria-roledescription=\"slide\" aria-label=\"1 of 3\">\n\t\t\t\t\t\t\t<div class=\"elementor-element elementor-element-a340a86 e-flex e-con-boxed e-con e-child\" data-id=\"a340a86\" data-element_type=\"container\" data-e-type=\"container\">\n\t\t\t\t\t<div class=\"e-con-inner\">\n\t\t\t\t<div class=\"elementor-element elementor-element-8eb70e7 elementor-widget elementor-widget-image\" data-id=\"8eb70e7\" data-element_type=\"widget\" data-e-type=\"widget\" data-widget_type=\"image.default\">\n\t\t\t\t<div class=\"elementor-widget-container\">\n\t\t\t\t\t\t\t\t\t\t\t\t\t\t\t<img alt=\"\" loading=\"lazy\" decoding=\"async\" width=\"1000\" height=\"750\" src=\"https:\/\/tmesolutions.dk\/wp-content\/uploads\/2025\/10\/IMG_5118-1024x768-1.jpg\" class=\"attachment-large size-large wp-image-4081\" alt=\"\" srcset=\"https:\/\/tmesolutions.dk\/wp-content\/uploads\/2025\/10\/IMG_5118-1024x768-1.jpg 1024w, https:\/\/tmesolutions.dk\/wp-content\/uploads\/2025\/10\/IMG_5118-1024x768-1-300x225.jpg 300w, https:\/\/tmesolutions.dk\/wp-content\/uploads\/2025\/10\/IMG_5118-1024x768-1-768x576.jpg 768w, https:\/\/tmesolutions.dk\/wp-content\/uploads\/2025\/10\/IMG_5118-1024x768-1-650x488.jpg 650w\" sizes=\"auto, (max-width: 1000px) 100vw, 1000px\" \/>\t\t\t\t\t\t\t\t\t\t\t\t\t\t\t<\/div>\n\t\t\t\t<\/div>\n\t\t\t\t\t<\/div>\n\t\t\t\t<\/div>\n\t\t\t\t\t\t\t\t<\/div>\n\t\t\t\t\t\t\t\t\t\t\t<div class=\"swiper-slide\" data-slide=\"2\" role=\"group\" aria-roledescription=\"slide\" aria-label=\"2 of 3\">\n\t\t\t\t\t\t\t<div class=\"elementor-element elementor-element-7209916 e-flex e-con-boxed e-con e-child\" data-id=\"7209916\" data-element_type=\"container\" data-e-type=\"container\">\n\t\t\t\t\t<div class=\"e-con-inner\">\n\t\t\t\t<div class=\"elementor-element elementor-element-fec0108 elementor-widget elementor-widget-image\" data-id=\"fec0108\" data-element_type=\"widget\" data-e-type=\"widget\" data-widget_type=\"image.default\">\n\t\t\t\t<div class=\"elementor-widget-container\">\n\t\t\t\t\t\t\t\t\t\t\t\t\t\t\t<img alt=\"\" loading=\"lazy\" decoding=\"async\" width=\"1000\" height=\"750\" src=\"https:\/\/tmesolutions.dk\/wp-content\/uploads\/2025\/10\/IMG_5119-1024x768-1.jpg\" class=\"attachment-large size-large wp-image-4082\" alt=\"\" srcset=\"https:\/\/tmesolutions.dk\/wp-content\/uploads\/2025\/10\/IMG_5119-1024x768-1.jpg 1024w, https:\/\/tmesolutions.dk\/wp-content\/uploads\/2025\/10\/IMG_5119-1024x768-1-300x225.jpg 300w, https:\/\/tmesolutions.dk\/wp-content\/uploads\/2025\/10\/IMG_5119-1024x768-1-768x576.jpg 768w, https:\/\/tmesolutions.dk\/wp-content\/uploads\/2025\/10\/IMG_5119-1024x768-1-650x488.jpg 650w\" sizes=\"auto, (max-width: 1000px) 100vw, 1000px\" \/>\t\t\t\t\t\t\t\t\t\t\t\t\t\t\t<\/div>\n\t\t\t\t<\/div>\n\t\t\t\t\t<\/div>\n\t\t\t\t<\/div>\n\t\t\t\t\t\t\t\t<\/div>\n\t\t\t\t\t\t\t\t\t\t\t<div class=\"swiper-slide\" data-slide=\"3\" role=\"group\" aria-roledescription=\"slide\" aria-label=\"3 of 3\">\n\t\t\t\t\t\t\t<div class=\"elementor-element elementor-element-fa88625 e-flex e-con-boxed e-con e-child\" data-id=\"fa88625\" data-element_type=\"container\" data-e-type=\"container\">\n\t\t\t\t\t<div class=\"e-con-inner\">\n\t\t\t\t<div class=\"elementor-element elementor-element-4ad3dac elementor-widget elementor-widget-image\" data-id=\"4ad3dac\" data-element_type=\"widget\" data-e-type=\"widget\" data-widget_type=\"image.default\">\n\t\t\t\t<div class=\"elementor-widget-container\">\n\t\t\t\t\t\t\t\t\t\t\t\t\t\t\t<img alt=\"\" loading=\"lazy\" decoding=\"async\" width=\"1000\" height=\"750\" src=\"https:\/\/tmesolutions.dk\/wp-content\/uploads\/2025\/10\/IMG_0430-1024x768-1.jpg\" class=\"attachment-large size-large wp-image-4083\" alt=\"\" srcset=\"https:\/\/tmesolutions.dk\/wp-content\/uploads\/2025\/10\/IMG_0430-1024x768-1.jpg 1024w, https:\/\/tmesolutions.dk\/wp-content\/uploads\/2025\/10\/IMG_0430-1024x768-1-300x225.jpg 300w, https:\/\/tmesolutions.dk\/wp-content\/uploads\/2025\/10\/IMG_0430-1024x768-1-768x576.jpg 768w, https:\/\/tmesolutions.dk\/wp-content\/uploads\/2025\/10\/IMG_0430-1024x768-1-650x488.jpg 650w\" sizes=\"auto, (max-width: 1000px) 100vw, 1000px\" \/>\t\t\t\t\t\t\t\t\t\t\t\t\t\t\t<\/div>\n\t\t\t\t<\/div>\n\t\t\t\t\t<\/div>\n\t\t\t\t<\/div>\n\t\t\t\t\t\t\t\t<\/div>\n\t\t\t\t\t\t\t\t<\/div>\n\t\t<\/div>\n\t\t\t\t\t<div class=\"elementor-swiper-button elementor-swiper-button-prev\" role=\"button\" tabindex=\"0\" aria-label=\"Previous\">\n\t\t\t\t<svg aria-hidden=\"true\" class=\"e-font-icon-svg e-eicon-chevron-left\" viewBox=\"0 0 1000 1000\" xmlns=\"http:\/\/www.w3.org\/2000\/svg\"><path d=\"M646 125C629 125 613 133 604 142L308 442C296 454 292 471 292 487 292 504 296 521 308 533L604 854C617 867 629 875 646 875 663 875 679 871 692 858 704 846 713 829 713 812 713 796 708 779 692 767L438 487 692 225C700 217 708 204 708 187 708 171 704 154 692 142 675 129 663 125 646 125Z\"><\/path><\/svg>\t\t\t<\/div>\n\t\t\t<div class=\"elementor-swiper-button elementor-swiper-button-next\" role=\"button\" tabindex=\"0\" aria-label=\"Next\">\n\t\t\t\t<svg aria-hidden=\"true\" class=\"e-font-icon-svg e-eicon-chevron-right\" viewBox=\"0 0 1000 1000\" xmlns=\"http:\/\/www.w3.org\/2000\/svg\"><path d=\"M696 533C708 521 713 504 713 487 713 471 708 454 696 446L400 146C388 133 375 125 354 125 338 125 325 129 313 142 300 154 292 171 292 187 292 204 296 221 308 233L563 492 304 771C292 783 288 800 288 817 288 833 296 850 308 863 321 871 338 875 354 875 371 875 388 867 400 854L696 533Z\"><\/path><\/svg>\t\t\t<\/div>\n\t\t\t\t\t<div class=\"swiper-pagination\"><\/div>\n\t\t\t\t\t\t<\/div>\n\t\t\t\t<\/div>\n\t\t\t\t<\/div>\n\t\t\t\t\t<\/div>\n\t\t\t\t<\/div>\n\t\t<div class=\"elementor-element elementor-element-6e6d032 e-flex e-con-boxed e-con e-parent\" data-id=\"6e6d032\" data-element_type=\"container\" data-e-type=\"container\" id=\"braendstofoptimering\" data-settings=\"{&quot;background_background&quot;:&quot;classic&quot;}\">\n\t\t\t\t\t<div class=\"e-con-inner\">\n\t\t<div class=\"elementor-element elementor-element-00560cd e-con-full e-flex e-con e-child\" data-id=\"00560cd\" data-element_type=\"container\" data-e-type=\"container\">\n\t\t\t\t<div class=\"elementor-element elementor-element-0be3acc elementor-widget elementor-widget-image\" data-id=\"0be3acc\" data-element_type=\"widget\" data-e-type=\"widget\" data-widget_type=\"image.default\">\n\t\t\t\t<div class=\"elementor-widget-container\">\n\t\t\t\t\t\t\t\t\t\t\t\t\t\t\t<img alt=\"\" loading=\"lazy\" decoding=\"async\" width=\"150\" height=\"150\" src=\"https:\/\/tmesolutions.dk\/wp-content\/uploads\/2025\/09\/tme-logo.svg\" class=\"attachment-thumbnail size-thumbnail wp-image-3632\" alt=\"\" srcset=\"https:\/\/tmesolutions.dk\/wp-content\/uploads\/\/2025\/09\/tme-logo.svg 150w, https:\/\/tmesolutions.dk\/wp-content\/uploads\/\/2025\/09\/tme-logo.svg 300w, https:\/\/tmesolutions.dk\/wp-content\/uploads\/\/2025\/09\/tme-logo.svg 1024w\" sizes=\"auto, (max-width: 150px) 100vw, 150px\" \/>\t\t\t\t\t\t\t\t\t\t\t\t\t\t\t<\/div>\n\t\t\t\t<\/div>\n\t\t\t\t<div class=\"elementor-element elementor-element-6c5d2ac elementor-widget__width-initial elementor-widget elementor-widget-heading\" data-id=\"6c5d2ac\" data-element_type=\"widget\" data-e-type=\"widget\" data-widget_type=\"heading.default\">\n\t\t\t\t<div class=\"elementor-widget-container\">\n\t\t\t\t\t<h3 class=\"elementor-heading-title elementor-size-default\">Br\u00e6ndstofoptimering\n<\/h3>\t\t\t\t<\/div>\n\t\t\t\t<\/div>\n\t\t\t\t<div class=\"elementor-element elementor-element-b8363bb elementor-widget elementor-widget-text-editor\" data-id=\"b8363bb\" data-element_type=\"widget\" data-e-type=\"widget\" data-widget_type=\"text-editor.default\">\n\t\t\t\t<div class=\"elementor-widget-container\">\n\t\t\t\t\t\t\t\t\t<p>Jo mere energi et skib kan udvinde fra br\u00e6ndstof, jo st\u00f8rre er skibets br\u00e6ndstofeffektivitet. Der er i dag stor fokus p\u00e5 at reducere fart\u00f8jers br\u00e6ndstofemissioner, men for at g\u00f8re det s\u00e5 er der brug for data.<\/p><p>Hvis man med station\u00e6rt udstyr m\u00e5ler det faktiske akseleffekt og sammenholder det med skibets fart og br\u00e6ndstofforbrug i en periode, s\u00e5 er det muligt at se, hvorn\u00e5r skibet bruger for meget br\u00e6ndstof i forhold til den effekt som afs\u00e6ttes p\u00e5 skrueakslen.<\/p>\t\t\t\t\t\t\t\t<\/div>\n\t\t\t\t<\/div>\n\t\t\t\t<\/div>\n\t\t<div class=\"elementor-element elementor-element-0d57a7b e-con-full e-flex e-con e-child\" data-id=\"0d57a7b\" data-element_type=\"container\" data-e-type=\"container\" data-settings=\"{&quot;background_background&quot;:&quot;classic&quot;}\">\n\t\t\t\t<div class=\"elementor-element elementor-element-c09d46e elementor-widget elementor-widget-image\" data-id=\"c09d46e\" data-element_type=\"widget\" data-e-type=\"widget\" data-widget_type=\"image.default\">\n\t\t\t\t<div class=\"elementor-widget-container\">\n\t\t\t\t\t\t\t\t\t\t\t\t\t\t\t<img alt=\"\" loading=\"lazy\" decoding=\"async\" width=\"1000\" height=\"563\" src=\"https:\/\/tmesolutions.dk\/wp-content\/uploads\/2025\/10\/Braendstofoptimering-skibe-1024x576-1.jpg\" class=\"attachment-large size-large wp-image-4084\" alt=\"\" srcset=\"https:\/\/tmesolutions.dk\/wp-content\/uploads\/2025\/10\/Braendstofoptimering-skibe-1024x576-1.jpg 1024w, https:\/\/tmesolutions.dk\/wp-content\/uploads\/2025\/10\/Braendstofoptimering-skibe-1024x576-1-300x169.jpg 300w, https:\/\/tmesolutions.dk\/wp-content\/uploads\/2025\/10\/Braendstofoptimering-skibe-1024x576-1-768x432.jpg 768w, https:\/\/tmesolutions.dk\/wp-content\/uploads\/2025\/10\/Braendstofoptimering-skibe-1024x576-1-650x366.jpg 650w\" sizes=\"auto, (max-width: 1000px) 100vw, 1000px\" \/>\t\t\t\t\t\t\t\t\t\t\t\t\t\t\t<\/div>\n\t\t\t\t<\/div>\n\t\t\t\t<\/div>\n\t\t\t\t\t<\/div>\n\t\t\t\t<\/div>\n\t\t<div class=\"elementor-element elementor-element-d68e175 e-flex e-con-boxed e-con e-parent\" data-id=\"d68e175\" data-element_type=\"container\" data-e-type=\"container\" id=\"produktsortiment\" data-settings=\"{&quot;background_background&quot;:&quot;classic&quot;}\">\n\t\t\t\t\t<div class=\"e-con-inner\">\n\t\t<div class=\"elementor-element elementor-element-2e38a0d e-con-full e-flex e-con e-child\" data-id=\"2e38a0d\" data-element_type=\"container\" data-e-type=\"container\">\n\t\t\t\t<div class=\"elementor-element elementor-element-fea4ac0 elementor-widget elementor-widget-image\" data-id=\"fea4ac0\" data-element_type=\"widget\" data-e-type=\"widget\" data-widget_type=\"image.default\">\n\t\t\t\t<div class=\"elementor-widget-container\">\n\t\t\t\t\t\t\t\t\t\t\t\t\t\t\t<img alt=\"\" loading=\"lazy\" decoding=\"async\" width=\"150\" height=\"150\" src=\"https:\/\/tmesolutions.dk\/wp-content\/uploads\/2025\/09\/tme-blaa-logo.svg\" class=\"attachment-thumbnail size-thumbnail wp-image-3633\" alt=\"\" srcset=\"https:\/\/tmesolutions.dk\/wp-content\/uploads\/\/2025\/09\/tme-blaa-logo.svg 150w, https:\/\/tmesolutions.dk\/wp-content\/uploads\/\/2025\/09\/tme-blaa-logo.svg 300w, https:\/\/tmesolutions.dk\/wp-content\/uploads\/\/2025\/09\/tme-blaa-logo.svg 1024w\" sizes=\"auto, (max-width: 150px) 100vw, 150px\" \/>\t\t\t\t\t\t\t\t\t\t\t\t\t\t\t<\/div>\n\t\t\t\t<\/div>\n\t\t\t\t<div class=\"elementor-element elementor-element-5868171 elementor-widget__width-initial elementor-widget elementor-widget-heading\" data-id=\"5868171\" data-element_type=\"widget\" data-e-type=\"widget\" data-widget_type=\"heading.default\">\n\t\t\t\t<div class=\"elementor-widget-container\">\n\t\t\t\t\t<h3 class=\"elementor-heading-title elementor-size-default\">Produktsortiment<\/h3>\t\t\t\t<\/div>\n\t\t\t\t<\/div>\n\t\t\t\t<div class=\"elementor-element elementor-element-675d258 elementor-widget elementor-widget-text-editor\" data-id=\"675d258\" data-element_type=\"widget\" data-e-type=\"widget\" data-widget_type=\"text-editor.default\">\n\t\t\t\t<div class=\"elementor-widget-container\">\n\t\t\t\t\t\t\t\t\t<p>Vi tilbyder kvalitetsprodukter fra et af verdens f\u00f8rende leverand\u00f8re indenfor torsionsm\u00e5ling, det amerikanske brand Binsfeld. Det er derfor muligt for os b\u00e5de at tilbyde b\u00e6rbart og station\u00e6rt tr\u00e5dl\u00f8st torsionsm\u00e5lingsudstyr.<\/p><p>Med en b\u00e6rbar l\u00f8sning monteres en strain gauge sensor p\u00e5 akslen, hertil forbindes en lille tr\u00e5dl\u00f8s \u00a8transmitter (batteridrevet) som sender tr\u00e5dl\u00f8st direkte til en reciever som du har ved siden af din PC. Du kan f\u00f8lge med v\u00e6rdierne live p\u00e5 sk\u00e6rmen og der generes automatisk grafer af hastighed og effekter.<\/p><p>Med det seneste station\u00e6re torsionsm\u00e5lingsudstyr fra Binsfeld er det muligt at forbinde sensoren p\u00e5 akslen til en transmitter p\u00e5 samme m\u00e5de. Heri sidder batterier i hele kraven omkring akslen som kan holde batteri i op til 1 \u00e5r. Det bliver ikke lettere, slut med dyre installationsomkostninger for permanent monteret torsionsm\u00e5lingsudstyr!<\/p>\t\t\t\t\t\t\t\t<\/div>\n\t\t\t\t<\/div>\n\t\t\t\t<\/div>\n\t\t<div class=\"elementor-element elementor-element-e29f27e e-con-full e-flex e-con e-child\" data-id=\"e29f27e\" data-element_type=\"container\" data-e-type=\"container\" data-settings=\"{&quot;background_background&quot;:&quot;classic&quot;}\">\n\t\t\t\t<div class=\"elementor-element elementor-element-f8842e5 elementor-widget elementor-widget-spacer\" data-id=\"f8842e5\" data-element_type=\"widget\" data-e-type=\"widget\" data-widget_type=\"spacer.default\">\n\t\t\t\t<div class=\"elementor-widget-container\">\n\t\t\t\t\t\t\t<div class=\"elementor-spacer\">\n\t\t\t<div class=\"elementor-spacer-inner\"><\/div>\n\t\t<\/div>\n\t\t\t\t\t\t<\/div>\n\t\t\t\t<\/div>\n\t\t\t\t<\/div>\n\t\t\t\t\t<\/div>\n\t\t\t\t<\/div>\n\t\t\t\t<\/div>\n\t\t","protected":false},"excerpt":{"rendered":"<p>Torsionsm\u00e5ling Og Akseleffekt Ved torsionsm\u00e5ling m\u00e5les hvor meget en aksel vrider sig, alts\u00e5 drejningsmomentet. N\u00e5r man kender drejningsmomentet, er muligt at udregne [&hellip;]<\/p>\n","protected":false},"author":1,"featured_media":0,"parent":0,"menu_order":0,"comment_status":"closed","ping_status":"closed","template":"","meta":{"_seopress_robots_primary_cat":"","_seopress_titles_title":"","_seopress_titles_desc":"","_seopress_robots_index":"","footnotes":""},"class_list":["post-4078","page","type-page","status-publish","hentry"],"_links":{"self":[{"href":"https:\/\/tmesolutions.dk\/en\/wp-json\/wp\/v2\/pages\/4078","targetHints":{"allow":["GET"]}}],"collection":[{"href":"https:\/\/tmesolutions.dk\/en\/wp-json\/wp\/v2\/pages"}],"about":[{"href":"https:\/\/tmesolutions.dk\/en\/wp-json\/wp\/v2\/types\/page"}],"author":[{"embeddable":true,"href":"https:\/\/tmesolutions.dk\/en\/wp-json\/wp\/v2\/users\/1"}],"replies":[{"embeddable":true,"href":"https:\/\/tmesolutions.dk\/en\/wp-json\/wp\/v2\/comments?post=4078"}],"version-history":[{"count":16,"href":"https:\/\/tmesolutions.dk\/en\/wp-json\/wp\/v2\/pages\/4078\/revisions"}],"predecessor-version":[{"id":5949,"href":"https:\/\/tmesolutions.dk\/en\/wp-json\/wp\/v2\/pages\/4078\/revisions\/5949"}],"wp:attachment":[{"href":"https:\/\/tmesolutions.dk\/en\/wp-json\/wp\/v2\/media?parent=4078"}],"curies":[{"name":"wp","href":"https:\/\/api.w.org\/{rel}","templated":true}]}}