{"id":4089,"date":"2025-10-01T08:12:58","date_gmt":"2025-10-01T06:12:58","guid":{"rendered":"https:\/\/tmesolutions.dk\/?page_id=4089"},"modified":"2025-12-21T23:02:54","modified_gmt":"2025-12-21T21:02:54","slug":"laser-alignment","status":"publish","type":"page","link":"https:\/\/tmesolutions.dk\/en\/laseropretning\/","title":{"rendered":"Laser alignment"},"content":{"rendered":"<div data-elementor-type=\"wp-page\" data-elementor-id=\"4089\" class=\"elementor elementor-4089\" data-elementor-settings=\"{&quot;element_pack_global_tooltip_width&quot;:{&quot;unit&quot;:&quot;px&quot;,&quot;size&quot;:&quot;&quot;,&quot;sizes&quot;:[]},&quot;element_pack_global_tooltip_width_tablet&quot;:{&quot;unit&quot;:&quot;px&quot;,&quot;size&quot;:&quot;&quot;,&quot;sizes&quot;:[]},&quot;element_pack_global_tooltip_width_mobile&quot;:{&quot;unit&quot;:&quot;px&quot;,&quot;size&quot;:&quot;&quot;,&quot;sizes&quot;:[]},&quot;element_pack_global_tooltip_padding&quot;:{&quot;unit&quot;:&quot;px&quot;,&quot;top&quot;:&quot;&quot;,&quot;right&quot;:&quot;&quot;,&quot;bottom&quot;:&quot;&quot;,&quot;left&quot;:&quot;&quot;,&quot;isLinked&quot;:true},&quot;element_pack_global_tooltip_padding_tablet&quot;:{&quot;unit&quot;:&quot;px&quot;,&quot;top&quot;:&quot;&quot;,&quot;right&quot;:&quot;&quot;,&quot;bottom&quot;:&quot;&quot;,&quot;left&quot;:&quot;&quot;,&quot;isLinked&quot;:true},&quot;element_pack_global_tooltip_padding_mobile&quot;:{&quot;unit&quot;:&quot;px&quot;,&quot;top&quot;:&quot;&quot;,&quot;right&quot;:&quot;&quot;,&quot;bottom&quot;:&quot;&quot;,&quot;left&quot;:&quot;&quot;,&quot;isLinked&quot;:true},&quot;element_pack_global_tooltip_border_radius&quot;:{&quot;unit&quot;:&quot;px&quot;,&quot;top&quot;:&quot;&quot;,&quot;right&quot;:&quot;&quot;,&quot;bottom&quot;:&quot;&quot;,&quot;left&quot;:&quot;&quot;,&quot;isLinked&quot;:true},&quot;element_pack_global_tooltip_border_radius_tablet&quot;:{&quot;unit&quot;:&quot;px&quot;,&quot;top&quot;:&quot;&quot;,&quot;right&quot;:&quot;&quot;,&quot;bottom&quot;:&quot;&quot;,&quot;left&quot;:&quot;&quot;,&quot;isLinked&quot;:true},&quot;element_pack_global_tooltip_border_radius_mobile&quot;:{&quot;unit&quot;:&quot;px&quot;,&quot;top&quot;:&quot;&quot;,&quot;right&quot;:&quot;&quot;,&quot;bottom&quot;:&quot;&quot;,&quot;left&quot;:&quot;&quot;,&quot;isLinked&quot;:true}}\" data-elementor-post-type=\"page\">\n\t\t\t\t<div class=\"elementor-element elementor-element-36882f8 e-flex e-con-boxed e-con e-parent\" data-id=\"36882f8\" data-element_type=\"container\" data-e-type=\"container\" data-settings=\"{&quot;background_background&quot;:&quot;classic&quot;}\">\n\t\t\t\t\t<div class=\"e-con-inner\">\n\t\t<div class=\"elementor-element elementor-element-b9ec5e1 e-con-full e-flex e-con e-child\" data-id=\"b9ec5e1\" data-element_type=\"container\" data-e-type=\"container\">\n\t\t<div class=\"elementor-element elementor-element-b26917e e-con-full e-flex e-con e-child\" data-id=\"b26917e\" data-element_type=\"container\" data-e-type=\"container\">\n\t\t<div class=\"elementor-element elementor-element-468df36 e-con-full e-flex e-con e-child\" data-id=\"468df36\" data-element_type=\"container\" data-e-type=\"container\">\n\t\t\t\t<div class=\"elementor-element elementor-element-45c7ab4 elementor-widget__width-inherit elementor-widget elementor-widget-heading\" data-id=\"45c7ab4\" data-element_type=\"widget\" data-e-type=\"widget\" data-widget_type=\"heading.default\">\n\t\t\t\t<div class=\"elementor-widget-container\">\n\t\t\t\t\t<h1 class=\"elementor-heading-title elementor-size-default\">Laser alignment<\/h1>\t\t\t\t<\/div>\n\t\t\t\t<\/div>\n\t\t\t\t<div class=\"elementor-element elementor-element-b39c32e elementor-widget elementor-widget-text-editor\" data-id=\"b39c32e\" data-element_type=\"widget\" data-e-type=\"widget\" data-widget_type=\"text-editor.default\">\n\t\t\t\t<div class=\"elementor-widget-container\">\n\t\t\t\t\t\t\t\t\t<p>In addition to detecting poor alignment using vibration measurement, we can also align the machines for you, regardless of the type of machine or setup involved.<\/p><p>We use laser technology to measure the alignment quality across couplings and flanges on machines. We adjust with high precision and finish with an alignment measurement report and vibration measurement.<\/p>\t\t\t\t\t\t\t\t<\/div>\n\t\t\t\t<\/div>\n\t\t\t\t<div class=\"elementor-element elementor-element-27e0704 elementor-widget elementor-widget-button\" data-id=\"27e0704\" data-element_type=\"widget\" data-e-type=\"widget\" data-widget_type=\"button.default\">\n\t\t\t\t<div class=\"elementor-widget-container\">\n\t\t\t\t\t\t\t\t\t<div class=\"elementor-button-wrapper\">\n\t\t\t\t\t<a class=\"elementor-button elementor-button-link elementor-size-sm\" href=\"tel:81611116\">\n\t\t\t\t\t\t<span class=\"elementor-button-content-wrapper\">\n\t\t\t\t\t\t\t\t\t<span class=\"elementor-button-text\">Call us<\/span>\n\t\t\t\t\t<\/span>\n\t\t\t\t\t<\/a>\n\t\t\t\t<\/div>\n\t\t\t\t\t\t\t\t<\/div>\n\t\t\t\t<\/div>\n\t\t\t\t<\/div>\n\t\t\t\t<\/div>\n\t\t<div class=\"elementor-element elementor-element-d5f2a37 e-con-full elementor-hidden-tablet elementor-hidden-mobile e-flex e-con e-child\" data-id=\"d5f2a37\" data-element_type=\"container\" data-e-type=\"container\">\n\t\t<div class=\"elementor-element elementor-element-ce1130a e-con-full e-flex e-con e-child\" data-id=\"ce1130a\" data-element_type=\"container\" data-e-type=\"container\">\n\t\t\t\t<div class=\"elementor-element elementor-element-7dbecaa elementor-widget__width-inherit elementor-widget elementor-widget-image\" data-id=\"7dbecaa\" data-element_type=\"widget\" data-e-type=\"widget\" data-widget_type=\"image.default\">\n\t\t\t\t<div class=\"elementor-widget-container\">\n\t\t\t\t\t\t\t\t\t\t\t\t\t\t\t<img alt=\"\" loading=\"lazy\" decoding=\"async\" width=\"169\" height=\"42\" src=\"https:\/\/tmesolutions.dk\/wp-content\/uploads\/2025\/09\/tme-logo.svg\" class=\"attachment-full size-full wp-image-3632\" \/>\t\t\t\t\t\t\t\t\t\t\t\t\t\t\t<\/div>\n\t\t\t\t<\/div>\n\t\t\t\t<\/div>\n\t\t\t\t<\/div>\n\t\t\t\t<\/div>\n\t\t\t\t\t<\/div>\n\t\t\t\t<\/div>\n\t\t<div class=\"elementor-element elementor-element-5eb836d e-flex e-con-boxed e-con e-parent\" data-id=\"5eb836d\" data-element_type=\"container\" data-e-type=\"container\" id=\"undgaa\" data-settings=\"{&quot;background_background&quot;:&quot;classic&quot;}\">\n\t\t\t\t\t<div class=\"e-con-inner\">\n\t\t<div class=\"elementor-element elementor-element-01cd2f7 e-con-full e-flex e-con e-child\" data-id=\"01cd2f7\" data-element_type=\"container\" data-e-type=\"container\">\n\t\t\t\t<div class=\"elementor-element elementor-element-67d2e14 elementor-widget elementor-widget-image\" data-id=\"67d2e14\" data-element_type=\"widget\" data-e-type=\"widget\" data-widget_type=\"image.default\">\n\t\t\t\t<div class=\"elementor-widget-container\">\n\t\t\t\t\t\t\t\t\t\t\t\t\t\t\t<img alt=\"\" loading=\"lazy\" decoding=\"async\" width=\"150\" height=\"150\" src=\"https:\/\/tmesolutions.dk\/wp-content\/uploads\/2025\/09\/tme-blaa-logo.svg\" class=\"attachment-thumbnail size-thumbnail wp-image-3633\" srcset=\"https:\/\/tmesolutions.dk\/wp-content\/uploads\/\/2025\/09\/tme-blaa-logo.svg 150w, https:\/\/tmesolutions.dk\/wp-content\/uploads\/\/2025\/09\/tme-blaa-logo.svg 300w, https:\/\/tmesolutions.dk\/wp-content\/uploads\/\/2025\/09\/tme-blaa-logo.svg 1024w\" sizes=\"auto, (max-width: 150px) 100vw, 150px\" \/>\t\t\t\t\t\t\t\t\t\t\t\t\t\t\t<\/div>\n\t\t\t\t<\/div>\n\t\t\t\t<div class=\"elementor-element elementor-element-878a2e7 elementor-widget__width-initial elementor-widget elementor-widget-heading\" data-id=\"878a2e7\" data-element_type=\"widget\" data-e-type=\"widget\" data-widget_type=\"heading.default\">\n\t\t\t\t<div class=\"elementor-widget-container\">\n\t\t\t\t\t<h3 class=\"elementor-heading-title elementor-size-default\">Prevent premature rental damage with laser alignment\n<\/h3>\t\t\t\t<\/div>\n\t\t\t\t<\/div>\n\t\t\t\t<div class=\"elementor-element elementor-element-4107cd8 elementor-widget elementor-widget-text-editor\" data-id=\"4107cd8\" data-element_type=\"widget\" data-e-type=\"widget\" data-widget_type=\"text-editor.default\">\n\t\t\t\t<div class=\"elementor-widget-container\">\n\t\t\t\t\t\t\t\t\t<p>Poor alignment, also known as misalignment in technical terms, between two machine parts causes damage to bearings, gaskets, shafts and couplings. It is estimated that approximately 50 per cent of machine failures are caused by misalignment.<\/p><p>Laser alignment enables high-precision alignment, thereby increasing the service life of the machine and its components. Misalignment causes increased load and forces on the bearings. If the load and thus the forces affecting the bearing are increased by just 20%, this can halve the service life of the bearing.<\/p>\t\t\t\t\t\t\t\t<\/div>\n\t\t\t\t<\/div>\n\t\t\t\t<\/div>\n\t\t<div class=\"elementor-element elementor-element-d3af12a e-con-full e-flex e-con e-child\" data-id=\"d3af12a\" data-element_type=\"container\" data-e-type=\"container\" data-settings=\"{&quot;background_background&quot;:&quot;classic&quot;}\">\n\t\t\t\t<div class=\"elementor-element elementor-element-6ffee4a elementor-widget elementor-widget-video\" data-id=\"6ffee4a\" data-element_type=\"widget\" data-e-type=\"widget\" data-settings=\"{&quot;video_type&quot;:&quot;hosted&quot;,&quot;autoplay&quot;:&quot;yes&quot;,&quot;play_on_mobile&quot;:&quot;yes&quot;,&quot;mute&quot;:&quot;yes&quot;,&quot;loop&quot;:&quot;yes&quot;,&quot;controls&quot;:&quot;yes&quot;}\" data-widget_type=\"video.default\">\n\t\t\t\t<div class=\"elementor-widget-container\">\n\t\t\t\t\t\t\t<div class=\"e-hosted-video elementor-wrapper elementor-open-inline\">\n\t\t\t\t\t<video class=\"elementor-video\" src=\"https:\/\/tmesolutions.dk\/wp-content\/uploads\/2025\/10\/easylaser_xt_download_today_h264_160818.mp4\" autoplay=\"\" loop=\"\" controls=\"\" muted=\"muted\" playsinline=\"\" controlslist=\"nodownload\"><\/video>\n\t\t\t\t<\/div>\n\t\t\t\t\t\t<\/div>\n\t\t\t\t<\/div>\n\t\t\t\t<\/div>\n\t\t\t\t\t<\/div>\n\t\t\t\t<\/div>\n\t\t<div class=\"elementor-element elementor-element-6e6d032 e-flex e-con-boxed e-con e-parent\" data-id=\"6e6d032\" data-element_type=\"container\" data-e-type=\"container\" id=\"oget\" data-settings=\"{&quot;background_background&quot;:&quot;classic&quot;}\">\n\t\t\t\t\t<div class=\"e-con-inner\">\n\t\t<div class=\"elementor-element elementor-element-00560cd e-con-full e-flex e-con e-child\" data-id=\"00560cd\" data-element_type=\"container\" data-e-type=\"container\">\n\t\t\t\t<div class=\"elementor-element elementor-element-0be3acc elementor-widget elementor-widget-image\" data-id=\"0be3acc\" data-element_type=\"widget\" data-e-type=\"widget\" data-widget_type=\"image.default\">\n\t\t\t\t<div class=\"elementor-widget-container\">\n\t\t\t\t\t\t\t\t\t\t\t\t\t\t\t<img alt=\"\" loading=\"lazy\" decoding=\"async\" width=\"150\" height=\"150\" src=\"https:\/\/tmesolutions.dk\/wp-content\/uploads\/2025\/09\/tme-logo.svg\" class=\"attachment-thumbnail size-thumbnail wp-image-3632\" srcset=\"https:\/\/tmesolutions.dk\/wp-content\/uploads\/\/2025\/09\/tme-logo.svg 150w, https:\/\/tmesolutions.dk\/wp-content\/uploads\/\/2025\/09\/tme-logo.svg 300w, https:\/\/tmesolutions.dk\/wp-content\/uploads\/\/2025\/09\/tme-logo.svg 1024w\" sizes=\"auto, (max-width: 150px) 100vw, 150px\" \/>\t\t\t\t\t\t\t\t\t\t\t\t\t\t\t<\/div>\n\t\t\t\t<\/div>\n\t\t\t\t<div class=\"elementor-element elementor-element-6c5d2ac elementor-widget__width-initial elementor-widget elementor-widget-heading\" data-id=\"6c5d2ac\" data-element_type=\"widget\" data-e-type=\"widget\" data-widget_type=\"heading.default\">\n\t\t\t\t<div class=\"elementor-widget-container\">\n\t\t\t\t\t<h3 class=\"elementor-heading-title elementor-size-default\">Increased product quality and reliability\n<\/h3>\t\t\t\t<\/div>\n\t\t\t\t<\/div>\n\t\t\t\t<div class=\"elementor-element elementor-element-b8363bb elementor-widget elementor-widget-text-editor\" data-id=\"b8363bb\" data-element_type=\"widget\" data-e-type=\"widget\" data-widget_type=\"text-editor.default\">\n\t\t\t\t<div class=\"elementor-widget-container\">\n\t\t\t\t\t\t\t\t\t<p>Alignment errors and vibrations can cause reduced quality in the products manufactured in many industries. By reducing unwanted vibrations on the machine and performing precision alignment, it is possible to optimise product quality.<\/p><p>Increasing the reliability of rotating machinery also reduces downtime. More uptime at the plant essentially means that production can be increased.<\/p>\t\t\t\t\t\t\t\t<\/div>\n\t\t\t\t<\/div>\n\t\t\t\t<\/div>\n\t\t<div class=\"elementor-element elementor-element-0d57a7b e-con-full e-flex e-con e-child\" data-id=\"0d57a7b\" data-element_type=\"container\" data-e-type=\"container\" data-settings=\"{&quot;background_background&quot;:&quot;classic&quot;}\">\n\t\t\t\t<div class=\"elementor-element elementor-element-05ff8ab elementor-widget elementor-widget-image\" data-id=\"05ff8ab\" data-element_type=\"widget\" data-e-type=\"widget\" data-widget_type=\"image.default\">\n\t\t\t\t<div class=\"elementor-widget-container\">\n\t\t\t\t\t\t\t\t\t\t\t\t\t\t\t<img alt=\"\" loading=\"lazy\" decoding=\"async\" width=\"1000\" height=\"572\" src=\"https:\/\/tmesolutions.dk\/wp-content\/uploads\/2025\/09\/shutterstock_120450754-1024x586-1.jpg\" class=\"attachment-large size-large wp-image-3973\" srcset=\"https:\/\/tmesolutions.dk\/wp-content\/uploads\/2025\/09\/shutterstock_120450754-1024x586-1.jpg 1024w, https:\/\/tmesolutions.dk\/wp-content\/uploads\/2025\/09\/shutterstock_120450754-1024x586-1-300x172.jpg 300w, https:\/\/tmesolutions.dk\/wp-content\/uploads\/2025\/09\/shutterstock_120450754-1024x586-1-768x440.jpg 768w, https:\/\/tmesolutions.dk\/wp-content\/uploads\/2025\/09\/shutterstock_120450754-1024x586-1-650x372.jpg 650w\" sizes=\"auto, (max-width: 1000px) 100vw, 1000px\" \/>\t\t\t\t\t\t\t\t\t\t\t\t\t\t\t<\/div>\n\t\t\t\t<\/div>\n\t\t\t\t<\/div>\n\t\t\t\t\t<\/div>\n\t\t\t\t<\/div>\n\t\t<div class=\"elementor-element elementor-element-d68e175 e-flex e-con-boxed e-con e-parent\" data-id=\"d68e175\" data-element_type=\"container\" data-e-type=\"container\" id=\"spar\" data-settings=\"{&quot;background_background&quot;:&quot;classic&quot;}\">\n\t\t\t\t\t<div class=\"e-con-inner\">\n\t\t<div class=\"elementor-element elementor-element-2e38a0d e-con-full e-flex e-con e-child\" data-id=\"2e38a0d\" data-element_type=\"container\" data-e-type=\"container\">\n\t\t\t\t<div class=\"elementor-element elementor-element-fea4ac0 elementor-widget elementor-widget-image\" data-id=\"fea4ac0\" data-element_type=\"widget\" data-e-type=\"widget\" data-widget_type=\"image.default\">\n\t\t\t\t<div class=\"elementor-widget-container\">\n\t\t\t\t\t\t\t\t\t\t\t\t\t\t\t<img alt=\"\" loading=\"lazy\" decoding=\"async\" width=\"150\" height=\"150\" src=\"https:\/\/tmesolutions.dk\/wp-content\/uploads\/2025\/09\/tme-blaa-logo.svg\" class=\"attachment-thumbnail size-thumbnail wp-image-3633\" srcset=\"https:\/\/tmesolutions.dk\/wp-content\/uploads\/\/2025\/09\/tme-blaa-logo.svg 150w, https:\/\/tmesolutions.dk\/wp-content\/uploads\/\/2025\/09\/tme-blaa-logo.svg 300w, https:\/\/tmesolutions.dk\/wp-content\/uploads\/\/2025\/09\/tme-blaa-logo.svg 1024w\" sizes=\"auto, (max-width: 150px) 100vw, 150px\" \/>\t\t\t\t\t\t\t\t\t\t\t\t\t\t\t<\/div>\n\t\t\t\t<\/div>\n\t\t\t\t<div class=\"elementor-element elementor-element-5868171 elementor-widget__width-initial elementor-widget elementor-widget-heading\" data-id=\"5868171\" data-element_type=\"widget\" data-e-type=\"widget\" data-widget_type=\"heading.default\">\n\t\t\t\t<div class=\"elementor-widget-container\">\n\t\t\t\t\t<h3 class=\"elementor-heading-title elementor-size-default\">Save 3-8 % on energy consumption\n<\/h3>\t\t\t\t<\/div>\n\t\t\t\t<\/div>\n\t\t\t\t<div class=\"elementor-element elementor-element-675d258 elementor-widget elementor-widget-text-editor\" data-id=\"675d258\" data-element_type=\"widget\" data-e-type=\"widget\" data-widget_type=\"text-editor.default\">\n\t\t\t\t<div class=\"elementor-widget-container\">\n\t\t\t\t\t\t\t\t\t<div><p>The rotational forces that arise as a result of an alignment error will generate vibrations and friction between the shaft and bearing. In addition to reducing the service life of the bearing itself, friction will increase and the motor will consume more energy.<\/p><p>By performing high-precision alignment with lasers, it is possible to save between 3-8% in energy consumption, which represents significant savings on larger engines.<\/p><\/div>\t\t\t\t\t\t\t\t<\/div>\n\t\t\t\t<\/div>\n\t\t\t\t<\/div>\n\t\t<div class=\"elementor-element elementor-element-e29f27e e-con-full e-flex e-con e-child\" data-id=\"e29f27e\" data-element_type=\"container\" data-e-type=\"container\" data-settings=\"{&quot;background_background&quot;:&quot;classic&quot;}\">\n\t\t\t\t<div class=\"elementor-element elementor-element-93c4434 elementor-widget elementor-widget-image\" data-id=\"93c4434\" data-element_type=\"widget\" data-e-type=\"widget\" data-widget_type=\"image.default\">\n\t\t\t\t<div class=\"elementor-widget-container\">\n\t\t\t\t\t\t\t\t\t\t\t\t\t\t\t<img alt=\"\" loading=\"lazy\" decoding=\"async\" width=\"1000\" height=\"667\" src=\"https:\/\/tmesolutions.dk\/wp-content\/uploads\/2025\/10\/Online-maskinovervaagning-1024x683-1.jpg\" class=\"attachment-large size-large wp-image-4092\" srcset=\"https:\/\/tmesolutions.dk\/wp-content\/uploads\/2025\/10\/Online-maskinovervaagning-1024x683-1.jpg 1024w, https:\/\/tmesolutions.dk\/wp-content\/uploads\/2025\/10\/Online-maskinovervaagning-1024x683-1-300x200.jpg 300w, https:\/\/tmesolutions.dk\/wp-content\/uploads\/2025\/10\/Online-maskinovervaagning-1024x683-1-768x512.jpg 768w, https:\/\/tmesolutions.dk\/wp-content\/uploads\/2025\/10\/Online-maskinovervaagning-1024x683-1-650x434.jpg 650w\" sizes=\"auto, (max-width: 1000px) 100vw, 1000px\" \/>\t\t\t\t\t\t\t\t\t\t\t\t\t\t\t<\/div>\n\t\t\t\t<\/div>\n\t\t\t\t<\/div>\n\t\t\t\t\t<\/div>\n\t\t\t\t<\/div>\n\t\t<div class=\"elementor-element elementor-element-60fe2eb e-flex e-con-boxed e-con e-parent\" data-id=\"60fe2eb\" data-element_type=\"container\" data-e-type=\"container\" data-settings=\"{&quot;background_background&quot;:&quot;classic&quot;}\">\n\t\t\t\t\t<div class=\"e-con-inner\">\n\t\t<div class=\"elementor-element elementor-element-5284015 e-con-full e-flex e-con e-child\" data-id=\"5284015\" data-element_type=\"container\" data-e-type=\"container\">\n\t\t\t\t<div class=\"elementor-element elementor-element-08639c7 elementor-widget elementor-widget-image\" data-id=\"08639c7\" data-element_type=\"widget\" data-e-type=\"widget\" data-widget_type=\"image.default\">\n\t\t\t\t<div class=\"elementor-widget-container\">\n\t\t\t\t\t\t\t\t\t\t\t\t\t\t\t<img alt=\"\" loading=\"lazy\" decoding=\"async\" width=\"150\" height=\"150\" src=\"https:\/\/tmesolutions.dk\/wp-content\/uploads\/2025\/09\/tme-logo.svg\" class=\"attachment-thumbnail size-thumbnail wp-image-3632\" srcset=\"https:\/\/tmesolutions.dk\/wp-content\/uploads\/\/2025\/09\/tme-logo.svg 150w, https:\/\/tmesolutions.dk\/wp-content\/uploads\/\/2025\/09\/tme-logo.svg 300w, https:\/\/tmesolutions.dk\/wp-content\/uploads\/\/2025\/09\/tme-logo.svg 1024w\" sizes=\"auto, (max-width: 150px) 100vw, 150px\" \/>\t\t\t\t\t\t\t\t\t\t\t\t\t\t\t<\/div>\n\t\t\t\t<\/div>\n\t\t\t\t<div class=\"elementor-element elementor-element-a5e08bf elementor-widget__width-initial elementor-widget elementor-widget-heading\" data-id=\"a5e08bf\" data-element_type=\"widget\" data-e-type=\"widget\" data-widget_type=\"heading.default\">\n\t\t\t\t<div class=\"elementor-widget-container\">\n\t\t\t\t\t<h3 class=\"elementor-heading-title elementor-size-default\">Let our measurement technician take a look\n<\/h3>\t\t\t\t<\/div>\n\t\t\t\t<\/div>\n\t\t\t\t<div class=\"elementor-element elementor-element-75c719b elementor-widget elementor-widget-text-editor\" data-id=\"75c719b\" data-element_type=\"widget\" data-e-type=\"widget\" data-widget_type=\"text-editor.default\">\n\t\t\t\t<div class=\"elementor-widget-container\">\n\t\t\t\t\t\t\t\t\t<p>Our experienced and professional measurement technicians can perform high-precision alignment for you, regardless of what time of day your machines and production are able to stand still. An alignment task is completed with a measurement report and vibration measurement so that we can document that the plant is running flawlessly.<\/p><p>For specific cases and references, please contact Kasper Barrett by telephone.\u00a0<span style=\"text-decoration: underline;\"><span style=\"color: #ffffff;\"><a style=\"color: #ffffff; text-decoration: underline;\" href=\"tel:81611116\">+45 81 61 11 16<\/a><\/span><\/span>\u00a0or email:\u00a0<span style=\"text-decoration: underline;\"><span style=\"color: #ffffff;\"><a style=\"color: #ffffff; text-decoration: underline;\" href=\"mailto:kb@tmesolutions.dk\">kb@tmesolutions.dk (The Danish Language Council).<\/a><\/span><\/span><\/p>\t\t\t\t\t\t\t\t<\/div>\n\t\t\t\t<\/div>\n\t\t\t\t<\/div>\n\t\t\t\t\t<\/div>\n\t\t\t\t<\/div>\n\t\t\t\t<\/div>","protected":false},"excerpt":{"rendered":"<p>Laseropretning Udover at detektere d\u00e5rlig opretning vha. vibrationsm\u00e5ling, s\u00e5 kan vi ogs\u00e5 rette maskinerne op for jer, uanset hvilken type maskine eller [&hellip;]<\/p>\n","protected":false},"author":1,"featured_media":0,"parent":0,"menu_order":0,"comment_status":"closed","ping_status":"closed","template":"","meta":{"_seopress_robots_primary_cat":"","_seopress_titles_title":"","_seopress_titles_desc":"","_seopress_robots_index":"","footnotes":""},"class_list":["post-4089","page","type-page","status-publish","hentry"],"_links":{"self":[{"href":"https:\/\/tmesolutions.dk\/en\/wp-json\/wp\/v2\/pages\/4089","targetHints":{"allow":["GET"]}}],"collection":[{"href":"https:\/\/tmesolutions.dk\/en\/wp-json\/wp\/v2\/pages"}],"about":[{"href":"https:\/\/tmesolutions.dk\/en\/wp-json\/wp\/v2\/types\/page"}],"author":[{"embeddable":true,"href":"https:\/\/tmesolutions.dk\/en\/wp-json\/wp\/v2\/users\/1"}],"replies":[{"embeddable":true,"href":"https:\/\/tmesolutions.dk\/en\/wp-json\/wp\/v2\/comments?post=4089"}],"version-history":[{"count":25,"href":"https:\/\/tmesolutions.dk\/en\/wp-json\/wp\/v2\/pages\/4089\/revisions"}],"predecessor-version":[{"id":8150,"href":"https:\/\/tmesolutions.dk\/en\/wp-json\/wp\/v2\/pages\/4089\/revisions\/8150"}],"wp:attachment":[{"href":"https:\/\/tmesolutions.dk\/en\/wp-json\/wp\/v2\/media?parent=4089"}],"curies":[{"name":"wp","href":"https:\/\/api.w.org\/{rel}","templated":true}]}}