{"id":4221,"date":"2025-10-01T10:33:11","date_gmt":"2025-10-01T08:33:11","guid":{"rendered":"https:\/\/tmesolutions.dk\/?page_id=4221"},"modified":"2025-10-02T16:43:50","modified_gmt":"2025-10-02T14:43:50","slug":"gear","status":"publish","type":"page","link":"https:\/\/tmesolutions.dk\/en\/vibrationsmaaling\/maskiner-og-komponenter\/gear\/","title":{"rendered":"Gear"},"content":{"rendered":"\t\t<div data-elementor-type=\"wp-page\" data-elementor-id=\"4221\" class=\"elementor elementor-4221\" data-elementor-settings=\"{&quot;element_pack_global_tooltip_width&quot;:{&quot;unit&quot;:&quot;px&quot;,&quot;size&quot;:&quot;&quot;,&quot;sizes&quot;:[]},&quot;element_pack_global_tooltip_width_tablet&quot;:{&quot;unit&quot;:&quot;px&quot;,&quot;size&quot;:&quot;&quot;,&quot;sizes&quot;:[]},&quot;element_pack_global_tooltip_width_mobile&quot;:{&quot;unit&quot;:&quot;px&quot;,&quot;size&quot;:&quot;&quot;,&quot;sizes&quot;:[]},&quot;element_pack_global_tooltip_padding&quot;:{&quot;unit&quot;:&quot;px&quot;,&quot;top&quot;:&quot;&quot;,&quot;right&quot;:&quot;&quot;,&quot;bottom&quot;:&quot;&quot;,&quot;left&quot;:&quot;&quot;,&quot;isLinked&quot;:true},&quot;element_pack_global_tooltip_padding_tablet&quot;:{&quot;unit&quot;:&quot;px&quot;,&quot;top&quot;:&quot;&quot;,&quot;right&quot;:&quot;&quot;,&quot;bottom&quot;:&quot;&quot;,&quot;left&quot;:&quot;&quot;,&quot;isLinked&quot;:true},&quot;element_pack_global_tooltip_padding_mobile&quot;:{&quot;unit&quot;:&quot;px&quot;,&quot;top&quot;:&quot;&quot;,&quot;right&quot;:&quot;&quot;,&quot;bottom&quot;:&quot;&quot;,&quot;left&quot;:&quot;&quot;,&quot;isLinked&quot;:true},&quot;element_pack_global_tooltip_border_radius&quot;:{&quot;unit&quot;:&quot;px&quot;,&quot;top&quot;:&quot;&quot;,&quot;right&quot;:&quot;&quot;,&quot;bottom&quot;:&quot;&quot;,&quot;left&quot;:&quot;&quot;,&quot;isLinked&quot;:true},&quot;element_pack_global_tooltip_border_radius_tablet&quot;:{&quot;unit&quot;:&quot;px&quot;,&quot;top&quot;:&quot;&quot;,&quot;right&quot;:&quot;&quot;,&quot;bottom&quot;:&quot;&quot;,&quot;left&quot;:&quot;&quot;,&quot;isLinked&quot;:true},&quot;element_pack_global_tooltip_border_radius_mobile&quot;:{&quot;unit&quot;:&quot;px&quot;,&quot;top&quot;:&quot;&quot;,&quot;right&quot;:&quot;&quot;,&quot;bottom&quot;:&quot;&quot;,&quot;left&quot;:&quot;&quot;,&quot;isLinked&quot;:true}}\" data-elementor-post-type=\"page\">\n\t\t\t\t<div class=\"elementor-element elementor-element-36882f8 e-flex e-con-boxed e-con e-parent\" data-id=\"36882f8\" data-element_type=\"container\" data-e-type=\"container\" data-settings=\"{&quot;background_background&quot;:&quot;classic&quot;}\">\n\t\t\t\t\t<div class=\"e-con-inner\">\n\t\t<div class=\"elementor-element elementor-element-b9ec5e1 e-con-full e-flex e-con e-child\" data-id=\"b9ec5e1\" data-element_type=\"container\" data-e-type=\"container\">\n\t\t<div class=\"elementor-element elementor-element-b26917e e-con-full e-flex e-con e-child\" data-id=\"b26917e\" data-element_type=\"container\" data-e-type=\"container\">\n\t\t<div class=\"elementor-element elementor-element-468df36 e-con-full e-flex e-con e-child\" data-id=\"468df36\" data-element_type=\"container\" data-e-type=\"container\">\n\t\t\t\t<div class=\"elementor-element elementor-element-45c7ab4 elementor-widget__width-inherit elementor-widget elementor-widget-heading\" data-id=\"45c7ab4\" data-element_type=\"widget\" data-e-type=\"widget\" data-widget_type=\"heading.default\">\n\t\t\t\t<div class=\"elementor-widget-container\">\n\t\t\t\t\t<h1 class=\"elementor-heading-title elementor-size-default\">Gear<\/h1>\t\t\t\t<\/div>\n\t\t\t\t<\/div>\n\t\t\t\t<div class=\"elementor-element elementor-element-b39c32e elementor-widget elementor-widget-text-editor\" data-id=\"b39c32e\" data-element_type=\"widget\" data-e-type=\"widget\" data-widget_type=\"text-editor.default\">\n\t\t\t\t<div class=\"elementor-widget-container\">\n\t\t\t\t\t\t\t\t\t<p>Vi foretager vibrationsm\u00e5ling p\u00e5 reduktions-gear og generelle gear applikationer og vi har stor erfaring indenfor marine branchen.<\/p><p>Ud over marineindustrien tilbyder vi naturligvis ogs\u00e5 vibrationsanalyse af gear til andre industrier.<\/p>\t\t\t\t\t\t\t\t<\/div>\n\t\t\t\t<\/div>\n\t\t\t\t<div class=\"elementor-element elementor-element-27e0704 elementor-widget elementor-widget-button\" data-id=\"27e0704\" data-element_type=\"widget\" data-e-type=\"widget\" data-widget_type=\"button.default\">\n\t\t\t\t<div class=\"elementor-widget-container\">\n\t\t\t\t\t\t\t\t\t<div class=\"elementor-button-wrapper\">\n\t\t\t\t\t<a class=\"elementor-button elementor-button-link elementor-size-sm\" href=\"tel:81611116\">\n\t\t\t\t\t\t<span class=\"elementor-button-content-wrapper\">\n\t\t\t\t\t\t\t\t\t<span class=\"elementor-button-text\">Ring til os<\/span>\n\t\t\t\t\t<\/span>\n\t\t\t\t\t<\/a>\n\t\t\t\t<\/div>\n\t\t\t\t\t\t\t\t<\/div>\n\t\t\t\t<\/div>\n\t\t\t\t<\/div>\n\t\t\t\t<\/div>\n\t\t<div class=\"elementor-element elementor-element-d5f2a37 e-con-full elementor-hidden-tablet elementor-hidden-mobile e-flex e-con e-child\" data-id=\"d5f2a37\" data-element_type=\"container\" data-e-type=\"container\">\n\t\t<div class=\"elementor-element elementor-element-ce1130a e-con-full e-flex e-con e-child\" data-id=\"ce1130a\" data-element_type=\"container\" data-e-type=\"container\">\n\t\t\t\t<div class=\"elementor-element elementor-element-7dbecaa elementor-widget__width-inherit elementor-widget elementor-widget-image\" data-id=\"7dbecaa\" data-element_type=\"widget\" data-e-type=\"widget\" data-widget_type=\"image.default\">\n\t\t\t\t<div class=\"elementor-widget-container\">\n\t\t\t\t\t\t\t\t\t\t\t\t\t\t\t<img alt=\"\" loading=\"lazy\" decoding=\"async\" width=\"169\" height=\"42\" src=\"https:\/\/tmesolutions.dk\/wp-content\/uploads\/2025\/09\/tme-logo.svg\" class=\"attachment-full size-full wp-image-3632\" alt=\"\" \/>\t\t\t\t\t\t\t\t\t\t\t\t\t\t\t<\/div>\n\t\t\t\t<\/div>\n\t\t\t\t<\/div>\n\t\t\t\t<\/div>\n\t\t\t\t<\/div>\n\t\t\t\t\t<\/div>\n\t\t\t\t<\/div>\n\t\t<div class=\"elementor-element elementor-element-5eb836d e-flex e-con-boxed e-con e-parent\" data-id=\"5eb836d\" data-element_type=\"container\" data-e-type=\"container\" data-settings=\"{&quot;background_background&quot;:&quot;classic&quot;}\">\n\t\t\t\t\t<div class=\"e-con-inner\">\n\t\t<div class=\"elementor-element elementor-element-01cd2f7 e-con-full e-flex e-con e-child\" data-id=\"01cd2f7\" data-element_type=\"container\" data-e-type=\"container\">\n\t\t\t\t<div class=\"elementor-element elementor-element-67d2e14 elementor-widget elementor-widget-image\" data-id=\"67d2e14\" data-element_type=\"widget\" data-e-type=\"widget\" data-widget_type=\"image.default\">\n\t\t\t\t<div class=\"elementor-widget-container\">\n\t\t\t\t\t\t\t\t\t\t\t\t\t\t\t<img alt=\"\" loading=\"lazy\" decoding=\"async\" width=\"150\" height=\"150\" src=\"https:\/\/tmesolutions.dk\/wp-content\/uploads\/2025\/09\/tme-blaa-logo.svg\" class=\"attachment-thumbnail size-thumbnail wp-image-3633\" alt=\"\" srcset=\"https:\/\/tmesolutions.dk\/wp-content\/uploads\/\/2025\/09\/tme-blaa-logo.svg 150w, https:\/\/tmesolutions.dk\/wp-content\/uploads\/\/2025\/09\/tme-blaa-logo.svg 300w, https:\/\/tmesolutions.dk\/wp-content\/uploads\/\/2025\/09\/tme-blaa-logo.svg 1024w\" sizes=\"auto, (max-width: 150px) 100vw, 150px\" \/>\t\t\t\t\t\t\t\t\t\t\t\t\t\t\t<\/div>\n\t\t\t\t<\/div>\n\t\t\t\t<div class=\"elementor-element elementor-element-878a2e7 elementor-widget__width-initial elementor-widget elementor-widget-heading\" data-id=\"878a2e7\" data-element_type=\"widget\" data-e-type=\"widget\" data-widget_type=\"heading.default\">\n\t\t\t\t<div class=\"elementor-widget-container\">\n\t\t\t\t\t<h3 class=\"elementor-heading-title elementor-size-default\">Vibrationsm\u00e5ling og analyse af gear\n<\/h3>\t\t\t\t<\/div>\n\t\t\t\t<\/div>\n\t\t\t\t<div class=\"elementor-element elementor-element-04293c7 elementor-widget elementor-widget-text-editor\" data-id=\"04293c7\" data-element_type=\"widget\" data-e-type=\"widget\" data-widget_type=\"text-editor.default\">\n\t\t\t\t<div class=\"elementor-widget-container\">\n\t\t\t\t\t\t\t\t\t<p>Gearkasser er typisk en af de mest kritiske roterende komponenter p\u00e5 fabrikker og skibe. Gear og gearkasser er ogs\u00e5 vanskelige at overv\u00e5ge og foretage tilstandsanalyse p\u00e5, og som oftest kr\u00e6ver det flere forskellige m\u00e5le teknologier og driftdata for, at have solid data til at lave en tilstandsvurdering. Det kan blandt andet v\u00e6re: Olie analyse, Temperatur, opretning og vibrationer.<\/p><p>Der kan v\u00e6re forskellige \u00e5rsager til at gearkasser havarere som blandt andet:<\/p>\t\t\t\t\t\t\t\t<\/div>\n\t\t\t\t<\/div>\n\t\t\t\t<div class=\"elementor-element elementor-element-24d6a84 elementor-icon-list--layout-traditional elementor-list-item-link-full_width elementor-widget elementor-widget-icon-list\" data-id=\"24d6a84\" data-element_type=\"widget\" data-e-type=\"widget\" data-widget_type=\"icon-list.default\">\n\t\t\t\t<div class=\"elementor-widget-container\">\n\t\t\t\t\t\t\t<ul class=\"elementor-icon-list-items\">\n\t\t\t\t\t\t\t<li class=\"elementor-icon-list-item\">\n\t\t\t\t\t\t\t\t\t\t\t<span class=\"elementor-icon-list-icon\">\n\t\t\t\t\t\t\t<i aria-hidden=\"true\" class=\"ii ii-check\"><\/i>\t\t\t\t\t\t<\/span>\n\t\t\t\t\t\t\t\t\t\t<span class=\"elementor-icon-list-text\">Slitage eller skader p\u00e5 t\u00e6nder og tandhjul<\/span>\n\t\t\t\t\t\t\t\t\t<\/li>\n\t\t\t\t\t\t\t\t<li class=\"elementor-icon-list-item\">\n\t\t\t\t\t\t\t\t\t\t\t<span class=\"elementor-icon-list-icon\">\n\t\t\t\t\t\t\t<i aria-hidden=\"true\" class=\"ii ii-check\"><\/i>\t\t\t\t\t\t<\/span>\n\t\t\t\t\t\t\t\t\t\t<span class=\"elementor-icon-list-text\">Forkert eller sk\u00e6v belastning<\/span>\n\t\t\t\t\t\t\t\t\t<\/li>\n\t\t\t\t\t\t\t\t<li class=\"elementor-icon-list-item\">\n\t\t\t\t\t\t\t\t\t\t\t<span class=\"elementor-icon-list-icon\">\n\t\t\t\t\t\t\t<i aria-hidden=\"true\" class=\"ii ii-check\"><\/i>\t\t\t\t\t\t<\/span>\n\t\t\t\t\t\t\t\t\t\t<span class=\"elementor-icon-list-text\">Excentrisk gear og aksel<\/span>\n\t\t\t\t\t\t\t\t\t<\/li>\n\t\t\t\t\t\t\t\t<li class=\"elementor-icon-list-item\">\n\t\t\t\t\t\t\t\t\t\t\t<span class=\"elementor-icon-list-icon\">\n\t\t\t\t\t\t\t<i aria-hidden=\"true\" class=\"ii ii-check\"><\/i>\t\t\t\t\t\t<\/span>\n\t\t\t\t\t\t\t\t\t\t<span class=\"elementor-icon-list-text\">Tilbageslag p\u00e5 tandhjul<\/span>\n\t\t\t\t\t\t\t\t\t<\/li>\n\t\t\t\t\t\t\t\t<li class=\"elementor-icon-list-item\">\n\t\t\t\t\t\t\t\t\t\t\t<span class=\"elementor-icon-list-icon\">\n\t\t\t\t\t\t\t<i aria-hidden=\"true\" class=\"ii ii-check\"><\/i>\t\t\t\t\t\t<\/span>\n\t\t\t\t\t\t\t\t\t\t<span class=\"elementor-icon-list-text\">Opretningsfejl<\/span>\n\t\t\t\t\t\t\t\t\t<\/li>\n\t\t\t\t\t\t<\/ul>\n\t\t\t\t\t\t<\/div>\n\t\t\t\t<\/div>\n\t\t\t\t<\/div>\n\t\t<div class=\"elementor-element elementor-element-d3af12a e-con-full e-flex e-con e-child\" data-id=\"d3af12a\" data-element_type=\"container\" data-e-type=\"container\" data-settings=\"{&quot;background_background&quot;:&quot;classic&quot;}\">\n\t\t\t\t<div class=\"elementor-element elementor-element-c5b7257 elementor-widget elementor-widget-image\" data-id=\"c5b7257\" data-element_type=\"widget\" data-e-type=\"widget\" data-widget_type=\"image.default\">\n\t\t\t\t<div class=\"elementor-widget-container\">\n\t\t\t\t\t\t\t\t\t\t\t\t\t\t\t<img alt=\"\" loading=\"lazy\" decoding=\"async\" width=\"1000\" height=\"664\" src=\"https:\/\/tmesolutions.dk\/wp-content\/uploads\/2025\/10\/vibrationsmaaling-paa-gear-1024x680-1.jpg\" class=\"attachment-large size-large wp-image-4224\" alt=\"\" srcset=\"https:\/\/tmesolutions.dk\/wp-content\/uploads\/2025\/10\/vibrationsmaaling-paa-gear-1024x680-1.jpg 1024w, https:\/\/tmesolutions.dk\/wp-content\/uploads\/2025\/10\/vibrationsmaaling-paa-gear-1024x680-1-300x199.jpg 300w, https:\/\/tmesolutions.dk\/wp-content\/uploads\/2025\/10\/vibrationsmaaling-paa-gear-1024x680-1-768x510.jpg 768w, https:\/\/tmesolutions.dk\/wp-content\/uploads\/2025\/10\/vibrationsmaaling-paa-gear-1024x680-1-650x432.jpg 650w\" sizes=\"auto, (max-width: 1000px) 100vw, 1000px\" \/>\t\t\t\t\t\t\t\t\t\t\t\t\t\t\t<\/div>\n\t\t\t\t<\/div>\n\t\t\t\t<\/div>\n\t\t\t\t\t<\/div>\n\t\t\t\t<\/div>\n\t\t<div class=\"elementor-element elementor-element-6e6d032 e-flex e-con-boxed e-con e-parent\" data-id=\"6e6d032\" data-element_type=\"container\" data-e-type=\"container\" data-settings=\"{&quot;background_background&quot;:&quot;classic&quot;}\">\n\t\t\t\t\t<div class=\"e-con-inner\">\n\t\t<div class=\"elementor-element elementor-element-00560cd e-con-full e-flex e-con e-child\" data-id=\"00560cd\" data-element_type=\"container\" data-e-type=\"container\">\n\t\t\t\t<div class=\"elementor-element elementor-element-0be3acc elementor-widget elementor-widget-image\" data-id=\"0be3acc\" data-element_type=\"widget\" data-e-type=\"widget\" data-widget_type=\"image.default\">\n\t\t\t\t<div class=\"elementor-widget-container\">\n\t\t\t\t\t\t\t\t\t\t\t\t\t\t\t<img alt=\"\" loading=\"lazy\" decoding=\"async\" width=\"150\" height=\"150\" src=\"https:\/\/tmesolutions.dk\/wp-content\/uploads\/2025\/09\/tme-logo.svg\" class=\"attachment-thumbnail size-thumbnail wp-image-3632\" alt=\"\" srcset=\"https:\/\/tmesolutions.dk\/wp-content\/uploads\/\/2025\/09\/tme-logo.svg 150w, https:\/\/tmesolutions.dk\/wp-content\/uploads\/\/2025\/09\/tme-logo.svg 300w, https:\/\/tmesolutions.dk\/wp-content\/uploads\/\/2025\/09\/tme-logo.svg 1024w\" sizes=\"auto, (max-width: 150px) 100vw, 150px\" \/>\t\t\t\t\t\t\t\t\t\t\t\t\t\t\t<\/div>\n\t\t\t\t<\/div>\n\t\t\t\t<div class=\"elementor-element elementor-element-6c5d2ac elementor-widget__width-initial elementor-widget elementor-widget-heading\" data-id=\"6c5d2ac\" data-element_type=\"widget\" data-e-type=\"widget\" data-widget_type=\"heading.default\">\n\t\t\t\t<div class=\"elementor-widget-container\">\n\t\t\t\t\t<h3 class=\"elementor-heading-title elementor-size-default\">Online vibrationsm\u00e5ling\n<\/h3>\t\t\t\t<\/div>\n\t\t\t\t<\/div>\n\t\t\t\t<div class=\"elementor-element elementor-element-b8363bb elementor-widget elementor-widget-text-editor\" data-id=\"b8363bb\" data-element_type=\"widget\" data-e-type=\"widget\" data-widget_type=\"text-editor.default\">\n\t\t\t\t<div class=\"elementor-widget-container\">\n\t\t\t\t\t\t\t\t\t<div><p><strong>Vi har selv PLC, kan vi koble udstyret p\u00e5 vores PLC s\u00e5 vi undg\u00e5r flere systemer til dataopsamling?<\/strong><\/p><p>Med et HS530 modul er det muligt at sende 2 elektriske signaler til en PLC, i dette tilf\u00e6lde 0-10V. Det elektriske signal er omregnet og filtreret s\u00e5 det er proportionalt med vibrationerne. De to signaler er:<\/p><p>1. Signal som er proportionalt til RMS velocity (10-1000Hz) \u2013 Til opretning og ubalance detektering<br \/>2. Signal som er proportionalt til Envelope acceleration (500-5000Hz) \u2013 Til lejefejl<\/p><p>Der er ogs\u00e5 et BNC-output signal, hvor det er muligt at koble en af vores h\u00e5ndholdte m\u00e5leinstrumenter p\u00e5, hvis man \u00f8nsker at udf\u00f8re mere avancerede vibrationsm\u00e5ling og analyse.<br \/>*HS530 modulet kr\u00e6ver 24 V DC.<\/p><\/div>\t\t\t\t\t\t\t\t<\/div>\n\t\t\t\t<\/div>\n\t\t\t\t<\/div>\n\t\t<div class=\"elementor-element elementor-element-0d57a7b e-con-full e-flex e-con e-child\" data-id=\"0d57a7b\" data-element_type=\"container\" data-e-type=\"container\" data-settings=\"{&quot;background_background&quot;:&quot;classic&quot;}\">\n\t\t\t\t<div class=\"elementor-element elementor-element-6fa074f elementor-widget elementor-widget-image\" data-id=\"6fa074f\" data-element_type=\"widget\" data-e-type=\"widget\" data-widget_type=\"image.default\">\n\t\t\t\t<div class=\"elementor-widget-container\">\n\t\t\t\t\t\t\t\t\t\t\t\t\t\t\t<img alt=\"\" loading=\"lazy\" decoding=\"async\" width=\"1000\" height=\"665\" src=\"https:\/\/tmesolutions.dk\/wp-content\/uploads\/2025\/10\/Vibrationsanalyse-af-gearkasse-1024x681-1.png\" class=\"attachment-large size-large wp-image-4225\" alt=\"\" srcset=\"https:\/\/tmesolutions.dk\/wp-content\/uploads\/2025\/10\/Vibrationsanalyse-af-gearkasse-1024x681-1.png 1024w, https:\/\/tmesolutions.dk\/wp-content\/uploads\/2025\/10\/Vibrationsanalyse-af-gearkasse-1024x681-1-300x200.png 300w, https:\/\/tmesolutions.dk\/wp-content\/uploads\/2025\/10\/Vibrationsanalyse-af-gearkasse-1024x681-1-768x511.png 768w, https:\/\/tmesolutions.dk\/wp-content\/uploads\/2025\/10\/Vibrationsanalyse-af-gearkasse-1024x681-1-650x432.png 650w\" sizes=\"auto, (max-width: 1000px) 100vw, 1000px\" \/>\t\t\t\t\t\t\t\t\t\t\t\t\t\t\t<\/div>\n\t\t\t\t<\/div>\n\t\t\t\t<\/div>\n\t\t\t\t\t<\/div>\n\t\t\t\t<\/div>\n\t\t<div class=\"elementor-element elementor-element-d68e175 e-flex e-con-boxed e-con e-parent\" data-id=\"d68e175\" data-element_type=\"container\" data-e-type=\"container\" data-settings=\"{&quot;background_background&quot;:&quot;classic&quot;}\">\n\t\t\t\t\t<div class=\"e-con-inner\">\n\t\t<div class=\"elementor-element elementor-element-2e38a0d e-con-full e-flex e-con e-child\" data-id=\"2e38a0d\" data-element_type=\"container\" data-e-type=\"container\">\n\t\t\t\t<div class=\"elementor-element elementor-element-fea4ac0 elementor-widget elementor-widget-image\" data-id=\"fea4ac0\" data-element_type=\"widget\" data-e-type=\"widget\" data-widget_type=\"image.default\">\n\t\t\t\t<div class=\"elementor-widget-container\">\n\t\t\t\t\t\t\t\t\t\t\t\t\t\t\t<img alt=\"\" loading=\"lazy\" decoding=\"async\" width=\"150\" height=\"150\" src=\"https:\/\/tmesolutions.dk\/wp-content\/uploads\/2025\/09\/tme-blaa-logo.svg\" class=\"attachment-thumbnail size-thumbnail wp-image-3633\" alt=\"\" srcset=\"https:\/\/tmesolutions.dk\/wp-content\/uploads\/\/2025\/09\/tme-blaa-logo.svg 150w, https:\/\/tmesolutions.dk\/wp-content\/uploads\/\/2025\/09\/tme-blaa-logo.svg 300w, https:\/\/tmesolutions.dk\/wp-content\/uploads\/\/2025\/09\/tme-blaa-logo.svg 1024w\" sizes=\"auto, (max-width: 150px) 100vw, 150px\" \/>\t\t\t\t\t\t\t\t\t\t\t\t\t\t\t<\/div>\n\t\t\t\t<\/div>\n\t\t\t\t<div class=\"elementor-element elementor-element-5868171 elementor-widget__width-initial elementor-widget elementor-widget-heading\" data-id=\"5868171\" data-element_type=\"widget\" data-e-type=\"widget\" data-widget_type=\"heading.default\">\n\t\t\t\t<div class=\"elementor-widget-container\">\n\t\t\t\t\t<h3 class=\"elementor-heading-title elementor-size-default\">Vibrationsm\u00e5ling akselgenerator og gearkasse\n<\/h3>\t\t\t\t<\/div>\n\t\t\t\t<\/div>\n\t\t\t\t<div class=\"elementor-element elementor-element-675d258 elementor-widget elementor-widget-text-editor\" data-id=\"675d258\" data-element_type=\"widget\" data-e-type=\"widget\" data-widget_type=\"text-editor.default\">\n\t\t\t\t<div class=\"elementor-widget-container\">\n\t\t\t\t\t\t\t\t\t<div><p>Her ses et eksempel p\u00e5 en m\u00e5ling foretaget p\u00e5 en gearkasse, med en akselgenerator koblet p\u00e5 et output p\u00e5 et skib.<\/p><p><b>Tandindgrebfrekvensen<\/b><strong>\u00a0= 750 (12,5 Hz) x 69 = ca. 862,5 Hz<\/strong><\/p><p>Tandindgrebsfrekvensen samt indputfrekvens (hastighed) og output frekvens (hastighed) giver information omkring tandindgrebet p\u00e5 gearet (rent teknisk b\u00f8r b\u00f8r ogs\u00e5 kigges p\u00e5 time waveform).<\/p><p>Ud over at vi kan se tandindgrebsfrekvens, \u00f8delagte og slidte t\u00e6nder p\u00e5 gearet kan vi ogs\u00e5 identificere lejefejl, n\u00e5r vi kender lejetypen indeni gearet, da disse fejlfrekvenser fra en lejefejl ogs\u00e5 vil v\u00e6re synlige i det FFT spektrum som vises p\u00e5 billedet.<\/p><p>Det er ogs\u00e5 muligt at identificere opretningsfejl imellem de komponenter som er koblet p\u00e5 gearkassen.<\/p><\/div>\t\t\t\t\t\t\t\t<\/div>\n\t\t\t\t<\/div>\n\t\t\t\t<\/div>\n\t\t<div class=\"elementor-element elementor-element-e29f27e e-con-full e-flex e-con e-child\" data-id=\"e29f27e\" data-element_type=\"container\" data-e-type=\"container\" data-settings=\"{&quot;background_background&quot;:&quot;classic&quot;}\">\n\t\t\t\t<div class=\"elementor-element elementor-element-f8b1960 elementor-pagination-type-bullets elementor-arrows-position-inside elementor-pagination-position-outside elementor-widget elementor-widget-n-carousel\" data-id=\"f8b1960\" data-element_type=\"widget\" data-e-type=\"widget\" data-settings=\"{&quot;carousel_items&quot;:[{&quot;slide_title&quot;:&quot;Slide #1&quot;,&quot;_id&quot;:&quot;6d0faba&quot;},{&quot;slide_title&quot;:&quot;Slide #2&quot;,&quot;_id&quot;:&quot;6b1aa6b&quot;}],&quot;slides_to_show&quot;:&quot;1&quot;,&quot;slides_to_show_tablet&quot;:&quot;2&quot;,&quot;slides_to_show_mobile&quot;:&quot;1&quot;,&quot;autoplay&quot;:&quot;yes&quot;,&quot;autoplay_speed&quot;:5000,&quot;pause_on_hover&quot;:&quot;yes&quot;,&quot;pause_on_interaction&quot;:&quot;yes&quot;,&quot;infinite&quot;:&quot;yes&quot;,&quot;speed&quot;:500,&quot;offset_sides&quot;:&quot;none&quot;,&quot;arrows&quot;:&quot;yes&quot;,&quot;pagination&quot;:&quot;bullets&quot;,&quot;image_spacing_custom&quot;:{&quot;unit&quot;:&quot;px&quot;,&quot;size&quot;:10,&quot;sizes&quot;:[]},&quot;image_spacing_custom_tablet&quot;:{&quot;unit&quot;:&quot;px&quot;,&quot;size&quot;:&quot;&quot;,&quot;sizes&quot;:[]},&quot;image_spacing_custom_mobile&quot;:{&quot;unit&quot;:&quot;px&quot;,&quot;size&quot;:&quot;&quot;,&quot;sizes&quot;:[]}}\" data-widget_type=\"nested-carousel.default\">\n\t\t\t\t<div class=\"elementor-widget-container\">\n\t\t\t\t\t\t\t<div class=\"e-n-carousel swiper\" role=\"region\" aria-roledescription=\"carousel\" aria-label=\"Karrussel\" dir=\"ltr\">\n\t\t\t<div class=\"swiper-wrapper\" aria-live=\"off\">\n\t\t\t\t\t\t\t\t\t\t<div class=\"swiper-slide\" data-slide=\"1\" role=\"group\" aria-roledescription=\"slide\" aria-label=\"1 of 2\">\n\t\t\t\t\t\t\t<div class=\"elementor-element elementor-element-488485c e-flex e-con-boxed e-con e-child\" data-id=\"488485c\" data-element_type=\"container\" data-e-type=\"container\">\n\t\t\t\t\t<div class=\"e-con-inner\">\n\t\t\t\t<div class=\"elementor-element elementor-element-2852a6b elementor-widget elementor-widget-image\" data-id=\"2852a6b\" data-element_type=\"widget\" data-e-type=\"widget\" data-widget_type=\"image.default\">\n\t\t\t\t<div class=\"elementor-widget-container\">\n\t\t\t\t\t\t\t\t\t\t\t\t\t\t\t<img alt=\"\" loading=\"lazy\" decoding=\"async\" width=\"1000\" height=\"604\" src=\"https:\/\/tmesolutions.dk\/wp-content\/uploads\/2025\/10\/Frekvensspektre-gearkasse-1024x618-1.png\" class=\"attachment-large size-large wp-image-4227\" alt=\"\" srcset=\"https:\/\/tmesolutions.dk\/wp-content\/uploads\/2025\/10\/Frekvensspektre-gearkasse-1024x618-1.png 1024w, https:\/\/tmesolutions.dk\/wp-content\/uploads\/2025\/10\/Frekvensspektre-gearkasse-1024x618-1-300x181.png 300w, https:\/\/tmesolutions.dk\/wp-content\/uploads\/2025\/10\/Frekvensspektre-gearkasse-1024x618-1-768x464.png 768w, https:\/\/tmesolutions.dk\/wp-content\/uploads\/2025\/10\/Frekvensspektre-gearkasse-1024x618-1-650x392.png 650w\" sizes=\"auto, (max-width: 1000px) 100vw, 1000px\" \/>\t\t\t\t\t\t\t\t\t\t\t\t\t\t\t<\/div>\n\t\t\t\t<\/div>\n\t\t\t\t\t<\/div>\n\t\t\t\t<\/div>\n\t\t\t\t\t\t\t\t<\/div>\n\t\t\t\t\t\t\t\t\t\t\t<div class=\"swiper-slide\" data-slide=\"2\" role=\"group\" aria-roledescription=\"slide\" aria-label=\"2 of 2\">\n\t\t\t\t\t\t\t<div class=\"elementor-element elementor-element-f30daa8 e-flex e-con-boxed e-con e-child\" data-id=\"f30daa8\" data-element_type=\"container\" data-e-type=\"container\">\n\t\t\t\t\t<div class=\"e-con-inner\">\n\t\t\t\t<div class=\"elementor-element elementor-element-ba3708a elementor-widget elementor-widget-image\" data-id=\"ba3708a\" data-element_type=\"widget\" data-e-type=\"widget\" data-widget_type=\"image.default\">\n\t\t\t\t<div class=\"elementor-widget-container\">\n\t\t\t\t\t\t\t\t\t\t\t\t\t\t\t<img alt=\"\" loading=\"lazy\" decoding=\"async\" width=\"1000\" height=\"824\" src=\"https:\/\/tmesolutions.dk\/wp-content\/uploads\/2025\/10\/Gearkasse-med-lejer-og-udveksling-1024x844-1.png\" class=\"attachment-large size-large wp-image-4228\" alt=\"\" srcset=\"https:\/\/tmesolutions.dk\/wp-content\/uploads\/2025\/10\/Gearkasse-med-lejer-og-udveksling-1024x844-1.png 1024w, https:\/\/tmesolutions.dk\/wp-content\/uploads\/2025\/10\/Gearkasse-med-lejer-og-udveksling-1024x844-1-300x247.png 300w, https:\/\/tmesolutions.dk\/wp-content\/uploads\/2025\/10\/Gearkasse-med-lejer-og-udveksling-1024x844-1-768x633.png 768w, https:\/\/tmesolutions.dk\/wp-content\/uploads\/2025\/10\/Gearkasse-med-lejer-og-udveksling-1024x844-1-650x536.png 650w\" sizes=\"auto, (max-width: 1000px) 100vw, 1000px\" \/>\t\t\t\t\t\t\t\t\t\t\t\t\t\t\t<\/div>\n\t\t\t\t<\/div>\n\t\t\t\t\t<\/div>\n\t\t\t\t<\/div>\n\t\t\t\t\t\t\t\t<\/div>\n\t\t\t\t\t\t\t\t<\/div>\n\t\t<\/div>\n\t\t\t\t\t<div class=\"elementor-swiper-button elementor-swiper-button-prev\" role=\"button\" tabindex=\"0\" aria-label=\"Previous\">\n\t\t\t\t<svg aria-hidden=\"true\" class=\"e-font-icon-svg e-eicon-chevron-left\" viewBox=\"0 0 1000 1000\" xmlns=\"http:\/\/www.w3.org\/2000\/svg\"><path d=\"M646 125C629 125 613 133 604 142L308 442C296 454 292 471 292 487 292 504 296 521 308 533L604 854C617 867 629 875 646 875 663 875 679 871 692 858 704 846 713 829 713 812 713 796 708 779 692 767L438 487 692 225C700 217 708 204 708 187 708 171 704 154 692 142 675 129 663 125 646 125Z\"><\/path><\/svg>\t\t\t<\/div>\n\t\t\t<div class=\"elementor-swiper-button elementor-swiper-button-next\" role=\"button\" tabindex=\"0\" aria-label=\"Next\">\n\t\t\t\t<svg aria-hidden=\"true\" class=\"e-font-icon-svg e-eicon-chevron-right\" viewBox=\"0 0 1000 1000\" xmlns=\"http:\/\/www.w3.org\/2000\/svg\"><path d=\"M696 533C708 521 713 504 713 487 713 471 708 454 696 446L400 146C388 133 375 125 354 125 338 125 325 129 313 142 300 154 292 171 292 187 292 204 296 221 308 233L563 492 304 771C292 783 288 800 288 817 288 833 296 850 308 863 321 871 338 875 354 875 371 875 388 867 400 854L696 533Z\"><\/path><\/svg>\t\t\t<\/div>\n\t\t\t\t\t<div class=\"swiper-pagination\"><\/div>\n\t\t\t\t\t\t<\/div>\n\t\t\t\t<\/div>\n\t\t\t\t<\/div>\n\t\t\t\t\t<\/div>\n\t\t\t\t<\/div>\n\t\t\t\t<\/div>\n\t\t","protected":false},"excerpt":{"rendered":"<p>Gear Vi foretager vibrationsm\u00e5ling p\u00e5 reduktions-gear og generelle gear applikationer og vi har stor erfaring indenfor marine branchen. Ud over marineindustrien tilbyder [&hellip;]<\/p>\n","protected":false},"author":1,"featured_media":0,"parent":4202,"menu_order":0,"comment_status":"closed","ping_status":"closed","template":"","meta":{"_seopress_robots_primary_cat":"","_seopress_titles_title":"","_seopress_titles_desc":"","_seopress_robots_index":"","_seopress_analysis_target_kw":"","footnotes":""},"class_list":["post-4221","page","type-page","status-publish","hentry"],"_links":{"self":[{"href":"https:\/\/tmesolutions.dk\/en\/wp-json\/wp\/v2\/pages\/4221","targetHints":{"allow":["GET"]}}],"collection":[{"href":"https:\/\/tmesolutions.dk\/en\/wp-json\/wp\/v2\/pages"}],"about":[{"href":"https:\/\/tmesolutions.dk\/en\/wp-json\/wp\/v2\/types\/page"}],"author":[{"embeddable":true,"href":"https:\/\/tmesolutions.dk\/en\/wp-json\/wp\/v2\/users\/1"}],"replies":[{"embeddable":true,"href":"https:\/\/tmesolutions.dk\/en\/wp-json\/wp\/v2\/comments?post=4221"}],"version-history":[{"count":10,"href":"https:\/\/tmesolutions.dk\/en\/wp-json\/wp\/v2\/pages\/4221\/revisions"}],"predecessor-version":[{"id":4578,"href":"https:\/\/tmesolutions.dk\/en\/wp-json\/wp\/v2\/pages\/4221\/revisions\/4578"}],"up":[{"embeddable":true,"href":"https:\/\/tmesolutions.dk\/en\/wp-json\/wp\/v2\/pages\/4202"}],"wp:attachment":[{"href":"https:\/\/tmesolutions.dk\/en\/wp-json\/wp\/v2\/media?parent=4221"}],"curies":[{"name":"wp","href":"https:\/\/api.w.org\/{rel}","templated":true}]}}